{"id":1029,"date":"2014-10-28T10:04:46","date_gmt":"2014-10-28T08:04:46","guid":{"rendered":"http:\/\/swisskalk.kreativloft.ch\/kontakt-beratung-2\/"},"modified":"2016-06-08T15:44:20","modified_gmt":"2016-06-08T13:44:20","slug":"consultation-contact","status":"publish","type":"page","link":"https:\/\/www.swisskalk.ch\/fr\/consultation-contact\/","title":{"rendered":"Profitez de notre offre d&rsquo;information gratuite"},"content":{"rendered":"<div class=\"textItem\">\n<p>Bienvenue chez Swisskalk GmbH, syst\u00e8mes de d\u00e9tartrage pour particuliers et professionnels. Nous nous ferons un plaisir de nous rendre sur place avec notre v\u00e9hicule de d\u00e9monstration afin de vous pr\u00e9senter le syst\u00e8me et de vous conseiller de mani\u00e8re d\u00e9taill\u00e9e. De votre c\u00f4t\u00e9, vous devez satisfaire aux crit\u00e8res suivants :<\/p>\n<p><strong>\u2022\u00a0La d\u00e9cideuse ou le d\u00e9cideur doit \u00eatre pr\u00e9sent lors du rendez-vous<\/strong><br \/>\n<strong>\u2022\u00a0Vous avez pris connaissance du contenu de notre site web<\/strong><\/p>\n<p>Ce service est offert gratuitement aux acheteurs potentiels s\u00e9rieusement int\u00e9ress\u00e9s.<\/p>\n<\/div>\n<div class=\"textItem\">\n<p>Convenez d\u00e8s aujourd&rsquo;hui d&rsquo;un rendez-vous au 0800 049 049<br \/>\nou via\u00a0<a href=\"https:\/\/www.swisskalk.ch\/fr\/contact\/\"><strong>le formulaire de contact<\/strong><\/a><\/p>\n<\/div>\n","protected":false},"excerpt":{"rendered":"<p>Bienvenue chez Swisskalk GmbH, syst\u00e8mes de d\u00e9tartrage pour particuliers et professionnels. Nous nous ferons un plaisir de nous rendre sur place avec notre v\u00e9hicule de d\u00e9monstration afin de vous pr\u00e9senter le syst\u00e8me et de vous conseiller de mani\u00e8re d\u00e9taill\u00e9e. De votre c\u00f4t\u00e9, vous devez satisfaire aux crit\u00e8res suivants : \u2022\u00a0La d\u00e9cideuse ou le d\u00e9cideur doit  [&#8230;]<\/p>\n","protected":false},"author":1,"featured_media":0,"parent":0,"menu_order":111,"comment_status":"open","ping_status":"open","template":"","meta":{"_joinchat":[],"footnotes":""},"class_list":["post-1029","page","type-page","status-publish","hentry"],"yoast_head":"<!-- This site is optimized with the Yoast SEO plugin v26.6 - https:\/\/yoast.com\/wordpress\/plugins\/seo\/ -->\n<title>Profitez de notre offre d&#039;information gratuite - Swisskalk GmbH \/\/ Entkalkungsanlagen<\/title>\n<meta name=\"robots\" content=\"index, follow, max-snippet:-1, max-image-preview:large, max-video-preview:-1\" \/>\n<link rel=\"canonical\" href=\"https:\/\/www.swisskalk.ch\/fr\/consultation-contact\/\" \/>\n<meta property=\"og:locale\" content=\"fr_FR\" \/>\n<meta property=\"og:type\" content=\"article\" \/>\n<meta property=\"og:title\" content=\"Profitez de notre offre d&#039;information gratuite - Swisskalk GmbH \/\/ Entkalkungsanlagen\" \/>\n<meta property=\"og:description\" content=\"Bienvenue chez Swisskalk GmbH, syst\u00e8mes de d\u00e9tartrage pour particuliers et professionnels. Nous nous ferons un plaisir de nous rendre sur place avec notre v\u00e9hicule de d\u00e9monstration afin de vous pr\u00e9senter le syst\u00e8me et de vous conseiller de mani\u00e8re d\u00e9taill\u00e9e. De votre c\u00f4t\u00e9, vous devez satisfaire aux crit\u00e8res suivants : \u2022\u00a0La d\u00e9cideuse ou le d\u00e9cideur doit [...]\" \/>\n<meta property=\"og:url\" content=\"https:\/\/www.swisskalk.ch\/fr\/consultation-contact\/\" \/>\n<meta property=\"og:site_name\" content=\"Swisskalk GmbH \/\/ Entkalkungsanlagen\" \/>\n<meta property=\"article:modified_time\" content=\"2016-06-08T13:44:20+00:00\" \/>\n<meta name=\"twitter:card\" content=\"summary_large_image\" \/>\n<meta name=\"twitter:label1\" content=\"Dur\u00e9e de lecture estim\u00e9e\" \/>\n\t<meta name=\"twitter:data1\" content=\"1 minute\" \/>\n<script type=\"application\/ld+json\" class=\"yoast-schema-graph\">{\"@context\":\"https:\/\/schema.org\",\"@graph\":[{\"@type\":\"WebPage\",\"@id\":\"https:\/\/www.swisskalk.ch\/fr\/consultation-contact\/\",\"url\":\"https:\/\/www.swisskalk.ch\/fr\/consultation-contact\/\",\"name\":\"Profitez de notre offre d'information gratuite - Swisskalk GmbH \/\/ Entkalkungsanlagen\",\"isPartOf\":{\"@id\":\"https:\/\/www.swisskalk.ch\/fr\/#website\"},\"datePublished\":\"2014-10-28T08:04:46+00:00\",\"dateModified\":\"2016-06-08T13:44:20+00:00\",\"breadcrumb\":{\"@id\":\"https:\/\/www.swisskalk.ch\/fr\/consultation-contact\/#breadcrumb\"},\"inLanguage\":\"fr-FR\",\"potentialAction\":[{\"@type\":\"ReadAction\",\"target\":[\"https:\/\/www.swisskalk.ch\/fr\/consultation-contact\/\"]}]},{\"@type\":\"BreadcrumbList\",\"@id\":\"https:\/\/www.swisskalk.ch\/fr\/consultation-contact\/#breadcrumb\",\"itemListElement\":[{\"@type\":\"ListItem\",\"position\":1,\"name\":\"Home\",\"item\":\"https:\/\/www.swisskalk.ch\/fr\/home\/\"},{\"@type\":\"ListItem\",\"position\":2,\"name\":\"Profitez de notre offre d&rsquo;information gratuite\"}]},{\"@type\":\"WebSite\",\"@id\":\"https:\/\/www.swisskalk.ch\/fr\/#website\",\"url\":\"https:\/\/www.swisskalk.ch\/fr\/\",\"name\":\"Swisskalk GmbH \/\/ Entkalkungsanlagen\",\"description\":\"F\u00fchlen Sie den Unterschied - Entkalkungsanlage zum Vorzugspreis\",\"potentialAction\":[{\"@type\":\"SearchAction\",\"target\":{\"@type\":\"EntryPoint\",\"urlTemplate\":\"https:\/\/www.swisskalk.ch\/fr\/?s={search_term_string}\"},\"query-input\":{\"@type\":\"PropertyValueSpecification\",\"valueRequired\":true,\"valueName\":\"search_term_string\"}}],\"inLanguage\":\"fr-FR\"}]}<\/script>\n<!-- \/ Yoast SEO plugin. -->","yoast_head_json":{"title":"Profitez de notre offre d'information gratuite - Swisskalk GmbH \/\/ Entkalkungsanlagen","robots":{"index":"index","follow":"follow","max-snippet":"max-snippet:-1","max-image-preview":"max-image-preview:large","max-video-preview":"max-video-preview:-1"},"canonical":"https:\/\/www.swisskalk.ch\/fr\/consultation-contact\/","og_locale":"fr_FR","og_type":"article","og_title":"Profitez de notre offre d'information gratuite - Swisskalk GmbH \/\/ Entkalkungsanlagen","og_description":"Bienvenue chez Swisskalk GmbH, syst\u00e8mes de d\u00e9tartrage pour particuliers et professionnels. Nous nous ferons un plaisir de nous rendre sur place avec notre v\u00e9hicule de d\u00e9monstration afin de vous pr\u00e9senter le syst\u00e8me et de vous conseiller de mani\u00e8re d\u00e9taill\u00e9e. De votre c\u00f4t\u00e9, vous devez satisfaire aux crit\u00e8res suivants : \u2022\u00a0La d\u00e9cideuse ou le d\u00e9cideur doit [...]","og_url":"https:\/\/www.swisskalk.ch\/fr\/consultation-contact\/","og_site_name":"Swisskalk GmbH \/\/ Entkalkungsanlagen","article_modified_time":"2016-06-08T13:44:20+00:00","twitter_card":"summary_large_image","twitter_misc":{"Dur\u00e9e de lecture estim\u00e9e":"1 minute"},"schema":{"@context":"https:\/\/schema.org","@graph":[{"@type":"WebPage","@id":"https:\/\/www.swisskalk.ch\/fr\/consultation-contact\/","url":"https:\/\/www.swisskalk.ch\/fr\/consultation-contact\/","name":"Profitez de notre offre d'information gratuite - Swisskalk GmbH \/\/ Entkalkungsanlagen","isPartOf":{"@id":"https:\/\/www.swisskalk.ch\/fr\/#website"},"datePublished":"2014-10-28T08:04:46+00:00","dateModified":"2016-06-08T13:44:20+00:00","breadcrumb":{"@id":"https:\/\/www.swisskalk.ch\/fr\/consultation-contact\/#breadcrumb"},"inLanguage":"fr-FR","potentialAction":[{"@type":"ReadAction","target":["https:\/\/www.swisskalk.ch\/fr\/consultation-contact\/"]}]},{"@type":"BreadcrumbList","@id":"https:\/\/www.swisskalk.ch\/fr\/consultation-contact\/#breadcrumb","itemListElement":[{"@type":"ListItem","position":1,"name":"Home","item":"https:\/\/www.swisskalk.ch\/fr\/home\/"},{"@type":"ListItem","position":2,"name":"Profitez de notre offre d&rsquo;information gratuite"}]},{"@type":"WebSite","@id":"https:\/\/www.swisskalk.ch\/fr\/#website","url":"https:\/\/www.swisskalk.ch\/fr\/","name":"Swisskalk GmbH \/\/ Entkalkungsanlagen","description":"F\u00fchlen Sie den Unterschied - Entkalkungsanlage zum Vorzugspreis","potentialAction":[{"@type":"SearchAction","target":{"@type":"EntryPoint","urlTemplate":"https:\/\/www.swisskalk.ch\/fr\/?s={search_term_string}"},"query-input":{"@type":"PropertyValueSpecification","valueRequired":true,"valueName":"search_term_string"}}],"inLanguage":"fr-FR"}]}},"_links":{"self":[{"href":"https:\/\/www.swisskalk.ch\/fr\/wp-json\/wp\/v2\/pages\/1029","targetHints":{"allow":["GET"]}}],"collection":[{"href":"https:\/\/www.swisskalk.ch\/fr\/wp-json\/wp\/v2\/pages"}],"about":[{"href":"https:\/\/www.swisskalk.ch\/fr\/wp-json\/wp\/v2\/types\/page"}],"author":[{"embeddable":true,"href":"https:\/\/www.swisskalk.ch\/fr\/wp-json\/wp\/v2\/users\/1"}],"replies":[{"embeddable":true,"href":"https:\/\/www.swisskalk.ch\/fr\/wp-json\/wp\/v2\/comments?post=1029"}],"version-history":[{"count":0,"href":"https:\/\/www.swisskalk.ch\/fr\/wp-json\/wp\/v2\/pages\/1029\/revisions"}],"wp:attachment":[{"href":"https:\/\/www.swisskalk.ch\/fr\/wp-json\/wp\/v2\/media?parent=1029"}],"curies":[{"name":"wp","href":"https:\/\/api.w.org\/{rel}","templated":true}]}}