{"id":466,"date":"2014-09-25T11:02:05","date_gmt":"2014-09-25T09:02:05","guid":{"rendered":"http:\/\/swisskalk.kreativloft.ch\/loesung-2\/"},"modified":"2017-03-15T11:37:03","modified_gmt":"2017-03-15T09:37:03","slug":"produits","status":"publish","type":"page","link":"https:\/\/www.swisskalk.ch\/fr\/produits\/","title":{"rendered":"Produits"},"content":{"rendered":"<p>&nbsp;<br \/>&nbsp;<br \/>\n[ezcol_1third]<a href=\"https:\/\/www.swisskalk.ch\/fr\/swisskalk-home\/\"><img decoding=\"async\" class=\"lazyload alignleft wp-image-134 size-full\" src=\"data:image\/svg+xml,%3Csvg%20xmlns%3D%27http%3A%2F%2Fwww.w3.org%2F2000%2Fsvg%27%20width%3D%27165%27%20height%3D%2768%27%20viewBox%3D%270%200%20165%2068%27%3E%3Crect%20width%3D%27165%27%20height%3D%2768%27%20fill-opacity%3D%220%22%2F%3E%3C%2Fsvg%3E\" data-orig-src=\"https:\/\/www.swisskalk.ch\/wp-content\/uploads\/2014\/09\/label_home_inhalt.jpg\" alt=\"\" width=\"165\" height=\"68\" \/><\/a>[\/ezcol_1third] [ezcol_2third_end]Swisskalk home est notre ligne de produits pour les maisons individuelles ou les immeubles et a \u00e9t\u00e9 \u00e9prouv\u00e9e des milliers de fois dans les m\u00e9nages suisses.[\/ezcol_2third_end]<br \/>\n[ezcol_1third]<a href=\"https:\/\/www.swisskalk.ch\/fr\/swisskalk-gastro\/\"><img decoding=\"async\" class=\"lazyload alignleft wp-image-133 size-full\" src=\"data:image\/svg+xml,%3Csvg%20xmlns%3D%27http%3A%2F%2Fwww.w3.org%2F2000%2Fsvg%27%20width%3D%27165%27%20height%3D%2768%27%20viewBox%3D%270%200%20165%2068%27%3E%3Crect%20width%3D%27165%27%20height%3D%2768%27%20fill-opacity%3D%220%22%2F%3E%3C%2Fsvg%3E\" data-orig-src=\"https:\/\/www.swisskalk.ch\/wp-content\/uploads\/2014\/09\/label_gastro_inhalt.jpg\" alt=\"label_gastro_inhalt\" width=\"165\" height=\"68\" \/><\/a>[\/ezcol_1third] [ezcol_2third_end]Swisskalk gastro, une eau douce pour la Gastronomie.[\/ezcol_2third_end]<br \/>\n[ezcol_1third]<a href=\"https:\/\/www.swisskalk.ch\/fr\/swisskalk-hotel\/\"><img decoding=\"async\" class=\"lazyload alignleft wp-image-135 size-full\" src=\"data:image\/svg+xml,%3Csvg%20xmlns%3D%27http%3A%2F%2Fwww.w3.org%2F2000%2Fsvg%27%20width%3D%27165%27%20height%3D%2768%27%20viewBox%3D%270%200%20165%2068%27%3E%3Crect%20width%3D%27165%27%20height%3D%2768%27%20fill-opacity%3D%220%22%2F%3E%3C%2Fsvg%3E\" data-orig-src=\"https:\/\/www.swisskalk.ch\/wp-content\/uploads\/2014\/09\/label_hotel_inhalt.jpg\" alt=\"label_hotel_inhalt\" width=\"165\" height=\"68\" \/><\/a>[\/ezcol_1third] [ezcol_2third_end]Swisskalk hotel, la solution anticalcaire pour les h\u00f4tels.[\/ezcol_2third_end]<br \/>\n[ezcol_1third]<a href=\"https:\/\/www.swisskalk.ch\/fr\/swisskalk-industrie\/\"><img decoding=\"async\" class=\"lazyload alignleft wp-image-136 size-full\" src=\"data:image\/svg+xml,%3Csvg%20xmlns%3D%27http%3A%2F%2Fwww.w3.org%2F2000%2Fsvg%27%20width%3D%27165%27%20height%3D%2768%27%20viewBox%3D%270%200%20165%2068%27%3E%3Crect%20width%3D%27165%27%20height%3D%2768%27%20fill-opacity%3D%220%22%2F%3E%3C%2Fsvg%3E\" data-orig-src=\"https:\/\/www.swisskalk.ch\/wp-content\/uploads\/2014\/09\/label_industrie_inhalt.jpg\" alt=\"label_industrie_inhalt\" width=\"165\" height=\"68\" \/><\/a>[\/ezcol_1third] [ezcol_2third_end]Swisskalk industrie, une eau douce pour la fabrication de produits de Pointe.[\/ezcol_2third_end]<\/p>\n","protected":false},"excerpt":{"rendered":"<p>&nbsp;&nbsp; [ezcol_1third][\/ezcol_1third] [ezcol_2third_end]Swisskalk home est notre ligne de produits pour les maisons individuelles ou les immeubles et a \u00e9t\u00e9 \u00e9prouv\u00e9e des milliers de fois dans les m\u00e9nages suisses.[\/ezcol_2third_end] [ezcol_1third][\/ezcol_1third] [ezcol_2third_end]Swisskalk gastro, une eau douce pour la Gastronomie.[\/ezcol_2third_end] [ezcol_1third][\/ezcol_1third] [ezcol_2third_end]Swisskalk hotel, la solution anticalcaire pour les h\u00f4tels.[\/ezcol_2third_end] [ezcol_1third][\/ezcol_1third] [ezcol_2third_end]Swisskalk industrie, une eau douce pour la fabrication  [&#8230;]<\/p>\n","protected":false},"author":1,"featured_media":0,"parent":0,"menu_order":40,"comment_status":"closed","ping_status":"closed","template":"","meta":{"_joinchat":[],"footnotes":""},"class_list":["post-466","page","type-page","status-publish","hentry"],"yoast_head":"<!-- This site is optimized with the Yoast SEO plugin v26.6 - https:\/\/yoast.com\/wordpress\/plugins\/seo\/ -->\n<title>Produits - Swisskalk GmbH \/\/ Entkalkungsanlagen<\/title>\n<meta name=\"robots\" content=\"index, follow, max-snippet:-1, max-image-preview:large, max-video-preview:-1\" \/>\n<link rel=\"canonical\" href=\"https:\/\/www.swisskalk.ch\/fr\/produits\/\" \/>\n<meta property=\"og:locale\" content=\"fr_FR\" \/>\n<meta property=\"og:type\" content=\"article\" \/>\n<meta property=\"og:title\" content=\"Produits - Swisskalk GmbH \/\/ Entkalkungsanlagen\" \/>\n<meta property=\"og:description\" content=\"&nbsp;&nbsp; [ezcol_1third][\/ezcol_1third] [ezcol_2third_end]Swisskalk home est notre ligne de produits pour les maisons individuelles ou les immeubles et a \u00e9t\u00e9 \u00e9prouv\u00e9e des milliers de fois dans les m\u00e9nages suisses.[\/ezcol_2third_end] [ezcol_1third][\/ezcol_1third] [ezcol_2third_end]Swisskalk gastro, une eau douce pour la Gastronomie.[\/ezcol_2third_end] [ezcol_1third][\/ezcol_1third] [ezcol_2third_end]Swisskalk hotel, la solution anticalcaire pour les h\u00f4tels.[\/ezcol_2third_end] [ezcol_1third][\/ezcol_1third] [ezcol_2third_end]Swisskalk industrie, une eau douce pour la fabrication [...]\" \/>\n<meta property=\"og:url\" content=\"https:\/\/www.swisskalk.ch\/fr\/produits\/\" \/>\n<meta property=\"og:site_name\" content=\"Swisskalk GmbH \/\/ Entkalkungsanlagen\" \/>\n<meta property=\"article:modified_time\" content=\"2017-03-15T09:37:03+00:00\" \/>\n<meta property=\"og:image\" content=\"https:\/\/www.swisskalk.ch\/wp-content\/uploads\/2014\/09\/label_home_inhalt.jpg\" \/>\n<meta name=\"twitter:card\" content=\"summary_large_image\" \/>\n<script type=\"application\/ld+json\" class=\"yoast-schema-graph\">{\"@context\":\"https:\/\/schema.org\",\"@graph\":[{\"@type\":\"WebPage\",\"@id\":\"https:\/\/www.swisskalk.ch\/fr\/produits\/\",\"url\":\"https:\/\/www.swisskalk.ch\/fr\/produits\/\",\"name\":\"Produits - Swisskalk GmbH \/\/ Entkalkungsanlagen\",\"isPartOf\":{\"@id\":\"https:\/\/www.swisskalk.ch\/fr\/#website\"},\"primaryImageOfPage\":{\"@id\":\"https:\/\/www.swisskalk.ch\/fr\/produits\/#primaryimage\"},\"image\":{\"@id\":\"https:\/\/www.swisskalk.ch\/fr\/produits\/#primaryimage\"},\"thumbnailUrl\":\"https:\/\/www.swisskalk.ch\/wp-content\/uploads\/2014\/09\/label_home_inhalt.jpg\",\"datePublished\":\"2014-09-25T09:02:05+00:00\",\"dateModified\":\"2017-03-15T09:37:03+00:00\",\"breadcrumb\":{\"@id\":\"https:\/\/www.swisskalk.ch\/fr\/produits\/#breadcrumb\"},\"inLanguage\":\"fr-FR\",\"potentialAction\":[{\"@type\":\"ReadAction\",\"target\":[\"https:\/\/www.swisskalk.ch\/fr\/produits\/\"]}]},{\"@type\":\"ImageObject\",\"inLanguage\":\"fr-FR\",\"@id\":\"https:\/\/www.swisskalk.ch\/fr\/produits\/#primaryimage\",\"url\":\"https:\/\/www.swisskalk.ch\/wp-content\/uploads\/2014\/09\/label_home_inhalt.jpg\",\"contentUrl\":\"https:\/\/www.swisskalk.ch\/wp-content\/uploads\/2014\/09\/label_home_inhalt.jpg\"},{\"@type\":\"BreadcrumbList\",\"@id\":\"https:\/\/www.swisskalk.ch\/fr\/produits\/#breadcrumb\",\"itemListElement\":[{\"@type\":\"ListItem\",\"position\":1,\"name\":\"Home\",\"item\":\"https:\/\/www.swisskalk.ch\/fr\/home\/\"},{\"@type\":\"ListItem\",\"position\":2,\"name\":\"Produits\"}]},{\"@type\":\"WebSite\",\"@id\":\"https:\/\/www.swisskalk.ch\/fr\/#website\",\"url\":\"https:\/\/www.swisskalk.ch\/fr\/\",\"name\":\"Swisskalk GmbH \/\/ Entkalkungsanlagen\",\"description\":\"F\u00fchlen Sie den Unterschied - Entkalkungsanlage zum Vorzugspreis\",\"potentialAction\":[{\"@type\":\"SearchAction\",\"target\":{\"@type\":\"EntryPoint\",\"urlTemplate\":\"https:\/\/www.swisskalk.ch\/fr\/?s={search_term_string}\"},\"query-input\":{\"@type\":\"PropertyValueSpecification\",\"valueRequired\":true,\"valueName\":\"search_term_string\"}}],\"inLanguage\":\"fr-FR\"}]}<\/script>\n<!-- \/ Yoast SEO plugin. -->","yoast_head_json":{"title":"Produits - Swisskalk GmbH \/\/ Entkalkungsanlagen","robots":{"index":"index","follow":"follow","max-snippet":"max-snippet:-1","max-image-preview":"max-image-preview:large","max-video-preview":"max-video-preview:-1"},"canonical":"https:\/\/www.swisskalk.ch\/fr\/produits\/","og_locale":"fr_FR","og_type":"article","og_title":"Produits - Swisskalk GmbH \/\/ Entkalkungsanlagen","og_description":"&nbsp;&nbsp; [ezcol_1third][\/ezcol_1third] [ezcol_2third_end]Swisskalk home est notre ligne de produits pour les maisons individuelles ou les immeubles et a \u00e9t\u00e9 \u00e9prouv\u00e9e des milliers de fois dans les m\u00e9nages suisses.[\/ezcol_2third_end] [ezcol_1third][\/ezcol_1third] [ezcol_2third_end]Swisskalk gastro, une eau douce pour la Gastronomie.[\/ezcol_2third_end] [ezcol_1third][\/ezcol_1third] [ezcol_2third_end]Swisskalk hotel, la solution anticalcaire pour les h\u00f4tels.[\/ezcol_2third_end] [ezcol_1third][\/ezcol_1third] [ezcol_2third_end]Swisskalk industrie, une eau douce pour la fabrication [...]","og_url":"https:\/\/www.swisskalk.ch\/fr\/produits\/","og_site_name":"Swisskalk GmbH \/\/ Entkalkungsanlagen","article_modified_time":"2017-03-15T09:37:03+00:00","og_image":[{"url":"https:\/\/www.swisskalk.ch\/wp-content\/uploads\/2014\/09\/label_home_inhalt.jpg","type":"","width":"","height":""}],"twitter_card":"summary_large_image","schema":{"@context":"https:\/\/schema.org","@graph":[{"@type":"WebPage","@id":"https:\/\/www.swisskalk.ch\/fr\/produits\/","url":"https:\/\/www.swisskalk.ch\/fr\/produits\/","name":"Produits - Swisskalk GmbH \/\/ Entkalkungsanlagen","isPartOf":{"@id":"https:\/\/www.swisskalk.ch\/fr\/#website"},"primaryImageOfPage":{"@id":"https:\/\/www.swisskalk.ch\/fr\/produits\/#primaryimage"},"image":{"@id":"https:\/\/www.swisskalk.ch\/fr\/produits\/#primaryimage"},"thumbnailUrl":"https:\/\/www.swisskalk.ch\/wp-content\/uploads\/2014\/09\/label_home_inhalt.jpg","datePublished":"2014-09-25T09:02:05+00:00","dateModified":"2017-03-15T09:37:03+00:00","breadcrumb":{"@id":"https:\/\/www.swisskalk.ch\/fr\/produits\/#breadcrumb"},"inLanguage":"fr-FR","potentialAction":[{"@type":"ReadAction","target":["https:\/\/www.swisskalk.ch\/fr\/produits\/"]}]},{"@type":"ImageObject","inLanguage":"fr-FR","@id":"https:\/\/www.swisskalk.ch\/fr\/produits\/#primaryimage","url":"https:\/\/www.swisskalk.ch\/wp-content\/uploads\/2014\/09\/label_home_inhalt.jpg","contentUrl":"https:\/\/www.swisskalk.ch\/wp-content\/uploads\/2014\/09\/label_home_inhalt.jpg"},{"@type":"BreadcrumbList","@id":"https:\/\/www.swisskalk.ch\/fr\/produits\/#breadcrumb","itemListElement":[{"@type":"ListItem","position":1,"name":"Home","item":"https:\/\/www.swisskalk.ch\/fr\/home\/"},{"@type":"ListItem","position":2,"name":"Produits"}]},{"@type":"WebSite","@id":"https:\/\/www.swisskalk.ch\/fr\/#website","url":"https:\/\/www.swisskalk.ch\/fr\/","name":"Swisskalk GmbH \/\/ Entkalkungsanlagen","description":"F\u00fchlen Sie den Unterschied - Entkalkungsanlage zum Vorzugspreis","potentialAction":[{"@type":"SearchAction","target":{"@type":"EntryPoint","urlTemplate":"https:\/\/www.swisskalk.ch\/fr\/?s={search_term_string}"},"query-input":{"@type":"PropertyValueSpecification","valueRequired":true,"valueName":"search_term_string"}}],"inLanguage":"fr-FR"}]}},"_links":{"self":[{"href":"https:\/\/www.swisskalk.ch\/fr\/wp-json\/wp\/v2\/pages\/466","targetHints":{"allow":["GET"]}}],"collection":[{"href":"https:\/\/www.swisskalk.ch\/fr\/wp-json\/wp\/v2\/pages"}],"about":[{"href":"https:\/\/www.swisskalk.ch\/fr\/wp-json\/wp\/v2\/types\/page"}],"author":[{"embeddable":true,"href":"https:\/\/www.swisskalk.ch\/fr\/wp-json\/wp\/v2\/users\/1"}],"replies":[{"embeddable":true,"href":"https:\/\/www.swisskalk.ch\/fr\/wp-json\/wp\/v2\/comments?post=466"}],"version-history":[{"count":0,"href":"https:\/\/www.swisskalk.ch\/fr\/wp-json\/wp\/v2\/pages\/466\/revisions"}],"wp:attachment":[{"href":"https:\/\/www.swisskalk.ch\/fr\/wp-json\/wp\/v2\/media?parent=466"}],"curies":[{"name":"wp","href":"https:\/\/api.w.org\/{rel}","templated":true}]}}