{"id":497,"date":"2014-09-25T11:03:23","date_gmt":"2014-09-25T09:03:23","guid":{"rendered":"http:\/\/swisskalk.kreativloft.ch\/pr-medien-2\/"},"modified":"2017-03-30T11:53:48","modified_gmt":"2017-03-30T09:53:48","slug":"medias-pr","status":"publish","type":"page","link":"https:\/\/www.swisskalk.ch\/fr\/medias-pr\/","title":{"rendered":"M\u00e9dias PR"},"content":{"rendered":"<h1>M\u00e9dias PR<\/h1>\n<p><a href=\"http:\/\/swisskalk.kreativloft.ch\/wp-content\/uploads\/2014\/11\/Swisskalk_PR_Text_Brunnenbau.pdf\" target=\"_blank\"><strong>Communiqu\u00e9 du 4\/9\/2014 <\/strong><\/a>\u2013 <a href=\"http:\/\/swisskalk.kreativloft.ch\/wp-content\/uploads\/2014\/11\/Swisskalk_PR_Text_Brunnenbau.pdf\" target=\"_blank\">Une entreprise engag\u00e9e sp\u00e9cialis\u00e9e dans l&rsquo;eau finance un puits d&rsquo;eau potable au Cameroun<\/a><br \/>\n<a href=\"http:\/\/swisskalk.kreativloft.ch\/wp-content\/uploads\/2014\/09\/Swisskalk_Medienmitteilung_20_04_2013.pdf\" target=\"_blank\"><strong>Communiqu\u00e9 du 20\/04\/2013<\/strong> \u2013 Jennifer Ann Gerber r\u00e9sout votre probl\u00e8me de tartre<\/a><\/p>\n<p>Responsable RP Swisskalk<strong><br \/>\nTatiana Schwarz<\/strong><\/p>\n<p><img class=\"lazyload\" decoding=\"async\" title=\"Tatiana Schwarz\" src=\"data:image\/svg+xml,%3Csvg%20xmlns%3D%27http%3A%2F%2Fwww.w3.org%2F2000%2Fsvg%27%20width%3D%27250%27%20height%3D%27180%27%20viewBox%3D%270%200%20250%20180%27%3E%3Crect%20width%3D%27250%27%20height%3D%27180%27%20fill-opacity%3D%220%22%2F%3E%3C%2Fsvg%3E\" data-orig-src=\"https:\/\/www.swisskalk.ch\/ch\/cms\/upload\/content\/tatiana_schwarz_big.jpg\" alt=\"Tatiana Schwarz\" width=\"250\" height=\"180\" \/><\/p>\n<p>Swisskalk GmbH<br \/>\nStettbachstrasse 6<br \/>\n8600 D\u00fcbendorf<\/p>\n<p>Num\u00e9ro direct 043 818 96 88<br \/>\nFax 043 818 99 81<br \/>\n<a href=\"mailto:tatiana@swisskalk.com\">tatiana@swisskalk.com<\/a><\/p>\n","protected":false},"excerpt":{"rendered":"<p>M\u00e9dias PR Communiqu\u00e9 du 4\/9\/2014 \u2013 Une entreprise engag\u00e9e sp\u00e9cialis\u00e9e dans l&rsquo;eau finance un puits d&rsquo;eau potable au Cameroun Communiqu\u00e9 du 20\/04\/2013 \u2013 Jennifer Ann Gerber r\u00e9sout votre probl\u00e8me de tartre Responsable RP Swisskalk Tatiana Schwarz Swisskalk GmbH Stettbachstrasse 6 8600 D\u00fcbendorf Num\u00e9ro direct 043 818 96 88 Fax 043 818 99 81 tatiana@swisskalk.com<\/p>\n","protected":false},"author":1,"featured_media":0,"parent":0,"menu_order":80,"comment_status":"closed","ping_status":"closed","template":"","meta":{"_joinchat":[],"footnotes":""},"class_list":["post-497","page","type-page","status-publish","hentry"],"yoast_head":"<!-- This site is optimized with the Yoast SEO plugin v26.6 - https:\/\/yoast.com\/wordpress\/plugins\/seo\/ -->\n<title>M\u00e9dias PR - Swisskalk GmbH \/\/ Entkalkungsanlagen<\/title>\n<meta name=\"robots\" content=\"index, follow, max-snippet:-1, max-image-preview:large, max-video-preview:-1\" \/>\n<link rel=\"canonical\" href=\"https:\/\/www.swisskalk.ch\/fr\/medias-pr\/\" \/>\n<meta property=\"og:locale\" content=\"fr_FR\" \/>\n<meta property=\"og:type\" content=\"article\" \/>\n<meta property=\"og:title\" content=\"M\u00e9dias PR - Swisskalk GmbH \/\/ Entkalkungsanlagen\" \/>\n<meta property=\"og:description\" content=\"M\u00e9dias PR Communiqu\u00e9 du 4\/9\/2014 \u2013 Une entreprise engag\u00e9e sp\u00e9cialis\u00e9e dans l&rsquo;eau finance un puits d&rsquo;eau potable au Cameroun Communiqu\u00e9 du 20\/04\/2013 \u2013 Jennifer Ann Gerber r\u00e9sout votre probl\u00e8me de tartre Responsable RP Swisskalk Tatiana Schwarz Swisskalk GmbH Stettbachstrasse 6 8600 D\u00fcbendorf Num\u00e9ro direct 043 818 96 88 Fax 043 818 99 81 tatiana@swisskalk.com\" \/>\n<meta property=\"og:url\" content=\"https:\/\/www.swisskalk.ch\/fr\/medias-pr\/\" \/>\n<meta property=\"og:site_name\" content=\"Swisskalk GmbH \/\/ Entkalkungsanlagen\" \/>\n<meta property=\"article:modified_time\" content=\"2017-03-30T09:53:48+00:00\" \/>\n<meta property=\"og:image\" content=\"https:\/\/www.swisskalk.ch\/ch\/cms\/upload\/content\/tatiana_schwarz_big.jpg\" \/>\n<meta name=\"twitter:card\" content=\"summary_large_image\" \/>\n<script type=\"application\/ld+json\" class=\"yoast-schema-graph\">{\"@context\":\"https:\/\/schema.org\",\"@graph\":[{\"@type\":\"WebPage\",\"@id\":\"https:\/\/www.swisskalk.ch\/fr\/medias-pr\/\",\"url\":\"https:\/\/www.swisskalk.ch\/fr\/medias-pr\/\",\"name\":\"M\u00e9dias PR - Swisskalk GmbH \/\/ Entkalkungsanlagen\",\"isPartOf\":{\"@id\":\"https:\/\/www.swisskalk.ch\/fr\/#website\"},\"primaryImageOfPage\":{\"@id\":\"https:\/\/www.swisskalk.ch\/fr\/medias-pr\/#primaryimage\"},\"image\":{\"@id\":\"https:\/\/www.swisskalk.ch\/fr\/medias-pr\/#primaryimage\"},\"thumbnailUrl\":\"https:\/\/www.swisskalk.ch\/ch\/cms\/upload\/content\/tatiana_schwarz_big.jpg\",\"datePublished\":\"2014-09-25T09:03:23+00:00\",\"dateModified\":\"2017-03-30T09:53:48+00:00\",\"breadcrumb\":{\"@id\":\"https:\/\/www.swisskalk.ch\/fr\/medias-pr\/#breadcrumb\"},\"inLanguage\":\"fr-FR\",\"potentialAction\":[{\"@type\":\"ReadAction\",\"target\":[\"https:\/\/www.swisskalk.ch\/fr\/medias-pr\/\"]}]},{\"@type\":\"ImageObject\",\"inLanguage\":\"fr-FR\",\"@id\":\"https:\/\/www.swisskalk.ch\/fr\/medias-pr\/#primaryimage\",\"url\":\"https:\/\/www.swisskalk.ch\/ch\/cms\/upload\/content\/tatiana_schwarz_big.jpg\",\"contentUrl\":\"https:\/\/www.swisskalk.ch\/ch\/cms\/upload\/content\/tatiana_schwarz_big.jpg\"},{\"@type\":\"BreadcrumbList\",\"@id\":\"https:\/\/www.swisskalk.ch\/fr\/medias-pr\/#breadcrumb\",\"itemListElement\":[{\"@type\":\"ListItem\",\"position\":1,\"name\":\"Home\",\"item\":\"https:\/\/www.swisskalk.ch\/fr\/home\/\"},{\"@type\":\"ListItem\",\"position\":2,\"name\":\"M\u00e9dias PR\"}]},{\"@type\":\"WebSite\",\"@id\":\"https:\/\/www.swisskalk.ch\/fr\/#website\",\"url\":\"https:\/\/www.swisskalk.ch\/fr\/\",\"name\":\"Swisskalk GmbH \/\/ Entkalkungsanlagen\",\"description\":\"F\u00fchlen Sie den Unterschied - Entkalkungsanlage zum Vorzugspreis\",\"potentialAction\":[{\"@type\":\"SearchAction\",\"target\":{\"@type\":\"EntryPoint\",\"urlTemplate\":\"https:\/\/www.swisskalk.ch\/fr\/?s={search_term_string}\"},\"query-input\":{\"@type\":\"PropertyValueSpecification\",\"valueRequired\":true,\"valueName\":\"search_term_string\"}}],\"inLanguage\":\"fr-FR\"}]}<\/script>\n<!-- \/ Yoast SEO plugin. -->","yoast_head_json":{"title":"M\u00e9dias PR - Swisskalk GmbH \/\/ Entkalkungsanlagen","robots":{"index":"index","follow":"follow","max-snippet":"max-snippet:-1","max-image-preview":"max-image-preview:large","max-video-preview":"max-video-preview:-1"},"canonical":"https:\/\/www.swisskalk.ch\/fr\/medias-pr\/","og_locale":"fr_FR","og_type":"article","og_title":"M\u00e9dias PR - Swisskalk GmbH \/\/ Entkalkungsanlagen","og_description":"M\u00e9dias PR Communiqu\u00e9 du 4\/9\/2014 \u2013 Une entreprise engag\u00e9e sp\u00e9cialis\u00e9e dans l&rsquo;eau finance un puits d&rsquo;eau potable au Cameroun Communiqu\u00e9 du 20\/04\/2013 \u2013 Jennifer Ann Gerber r\u00e9sout votre probl\u00e8me de tartre Responsable RP Swisskalk Tatiana Schwarz Swisskalk GmbH Stettbachstrasse 6 8600 D\u00fcbendorf Num\u00e9ro direct 043 818 96 88 Fax 043 818 99 81 tatiana@swisskalk.com","og_url":"https:\/\/www.swisskalk.ch\/fr\/medias-pr\/","og_site_name":"Swisskalk GmbH \/\/ Entkalkungsanlagen","article_modified_time":"2017-03-30T09:53:48+00:00","og_image":[{"url":"https:\/\/www.swisskalk.ch\/ch\/cms\/upload\/content\/tatiana_schwarz_big.jpg","type":"","width":"","height":""}],"twitter_card":"summary_large_image","schema":{"@context":"https:\/\/schema.org","@graph":[{"@type":"WebPage","@id":"https:\/\/www.swisskalk.ch\/fr\/medias-pr\/","url":"https:\/\/www.swisskalk.ch\/fr\/medias-pr\/","name":"M\u00e9dias PR - Swisskalk GmbH \/\/ Entkalkungsanlagen","isPartOf":{"@id":"https:\/\/www.swisskalk.ch\/fr\/#website"},"primaryImageOfPage":{"@id":"https:\/\/www.swisskalk.ch\/fr\/medias-pr\/#primaryimage"},"image":{"@id":"https:\/\/www.swisskalk.ch\/fr\/medias-pr\/#primaryimage"},"thumbnailUrl":"https:\/\/www.swisskalk.ch\/ch\/cms\/upload\/content\/tatiana_schwarz_big.jpg","datePublished":"2014-09-25T09:03:23+00:00","dateModified":"2017-03-30T09:53:48+00:00","breadcrumb":{"@id":"https:\/\/www.swisskalk.ch\/fr\/medias-pr\/#breadcrumb"},"inLanguage":"fr-FR","potentialAction":[{"@type":"ReadAction","target":["https:\/\/www.swisskalk.ch\/fr\/medias-pr\/"]}]},{"@type":"ImageObject","inLanguage":"fr-FR","@id":"https:\/\/www.swisskalk.ch\/fr\/medias-pr\/#primaryimage","url":"https:\/\/www.swisskalk.ch\/ch\/cms\/upload\/content\/tatiana_schwarz_big.jpg","contentUrl":"https:\/\/www.swisskalk.ch\/ch\/cms\/upload\/content\/tatiana_schwarz_big.jpg"},{"@type":"BreadcrumbList","@id":"https:\/\/www.swisskalk.ch\/fr\/medias-pr\/#breadcrumb","itemListElement":[{"@type":"ListItem","position":1,"name":"Home","item":"https:\/\/www.swisskalk.ch\/fr\/home\/"},{"@type":"ListItem","position":2,"name":"M\u00e9dias PR"}]},{"@type":"WebSite","@id":"https:\/\/www.swisskalk.ch\/fr\/#website","url":"https:\/\/www.swisskalk.ch\/fr\/","name":"Swisskalk GmbH \/\/ Entkalkungsanlagen","description":"F\u00fchlen Sie den Unterschied - Entkalkungsanlage zum Vorzugspreis","potentialAction":[{"@type":"SearchAction","target":{"@type":"EntryPoint","urlTemplate":"https:\/\/www.swisskalk.ch\/fr\/?s={search_term_string}"},"query-input":{"@type":"PropertyValueSpecification","valueRequired":true,"valueName":"search_term_string"}}],"inLanguage":"fr-FR"}]}},"_links":{"self":[{"href":"https:\/\/www.swisskalk.ch\/fr\/wp-json\/wp\/v2\/pages\/497","targetHints":{"allow":["GET"]}}],"collection":[{"href":"https:\/\/www.swisskalk.ch\/fr\/wp-json\/wp\/v2\/pages"}],"about":[{"href":"https:\/\/www.swisskalk.ch\/fr\/wp-json\/wp\/v2\/types\/page"}],"author":[{"embeddable":true,"href":"https:\/\/www.swisskalk.ch\/fr\/wp-json\/wp\/v2\/users\/1"}],"replies":[{"embeddable":true,"href":"https:\/\/www.swisskalk.ch\/fr\/wp-json\/wp\/v2\/comments?post=497"}],"version-history":[{"count":0,"href":"https:\/\/www.swisskalk.ch\/fr\/wp-json\/wp\/v2\/pages\/497\/revisions"}],"wp:attachment":[{"href":"https:\/\/www.swisskalk.ch\/fr\/wp-json\/wp\/v2\/media?parent=497"}],"curies":[{"name":"wp","href":"https:\/\/api.w.org\/{rel}","templated":true}]}}