{"id":872,"date":"2014-10-27T17:06:02","date_gmt":"2014-10-27T15:06:02","guid":{"rendered":"http:\/\/swisskalk.kreativloft.ch\/boilerentkalkung-2\/"},"modified":"2017-03-29T11:23:27","modified_gmt":"2017-03-29T09:23:27","slug":"detartrage-de-chauffe-eau","status":"publish","type":"page","link":"https:\/\/www.swisskalk.ch\/fr\/detartrage-de-chauffe-eau\/","title":{"rendered":"D\u00e9tartrage de chauffe-eau"},"content":{"rendered":"<style>\nbutton {\ncolor: black;\nbackground: white;\n}\n<\/style>\n<h1>D\u00e9tartrage de chauffe-eau<\/h1>\n<p>Votre r\u00e9servoir, qui vous fournit quotidiennement de l&rsquo;eau chaude, n\u00e9cessite un d\u00e9tartrage r\u00e9gulier. En fonction de la duret\u00e9 de l&rsquo;eau, il doit \u00eatre effectu\u00e9 tous les 3 \u00e0 5 ans.<br \/>\n<strong>D\u00e9tartrage m\u00e9canique 50-400 litres<br \/>CHF 335.00 excl. TVA<\/strong><br \/>\nSi vous poss\u00e9dez un chauffe-eau d&rsquo;un volume plus important ou si vous avez besoin d&rsquo;un d\u00e9tartrage chimique, veuillez alors vous adresser \u00e0 notre service de vente.<br \/>\n[ezcol_1half]<\/p>\n<div style=\"color:white;background-color: #014689;padding: 10px 10px 10px 20px;\"><strong><\/p>\n<h2 style=\"text-transform: uppercase;color:white;font-weight: bold;\">Le prix inclut:<\/h2>\n<p>\t\u2022&nbsp;&nbsp;D\u00e9placement jusque chez vous<br \/>\n\t&nbsp;&nbsp;&nbsp;dans toute la Suisse + Liechtenstein<br \/>\n\t\u2022&nbsp;&nbsp;Totalit\u00e9 des travaux de d\u00e9tartrage<br \/>\n\t\u2022&nbsp;&nbsp;\u00c9limination du calcaire<br \/>\n\t\u2022&nbsp;&nbsp;Remplacement du joint<br \/>\n\t\u2022&nbsp;&nbsp;Remplacement de l\u2018anode de<br \/>&nbsp;&nbsp;&nbsp;protection (si n\u00e9cessaire)<br \/>\n\t\u2022&nbsp;&nbsp;V\u00e9rification du r\u00e9ducteur de pression<br \/>\n\t\u2022&nbsp;&nbsp;Contr\u00f4le de la soupape de s\u00e9curit\u00e9<br \/>\n\t\u2022&nbsp;&nbsp;R\u00e9glage du thermostat<br \/>\n\t\u2022&nbsp;&nbsp;V\u00e9rification g\u00e9n\u00e9rale du chauffe-eau<br \/>\n\t\u2022&nbsp;&nbsp;3 ans de garantie sur la capacit\u00e9<br \/>&nbsp;&nbsp;&nbsp;de fonctionnement du chaffe-eau<br \/>\n<\/strong><\/div>\n<p>[\/ezcol_1half] [ezcol_1half_end]<\/p>\n<div style=\"background-color: #ddd; padding: 20px;\">\n<div class=\"fusion-align-block\"><a class=\"fusion-button button-flat fusion-button-default-size button-default fusion-button-default button-1 fusion-button-default-span fusion-button-default-type\" style=\"width:calc(100%);\" target=\"_self\" title=\"Shop\" aria-label=\"Shop\" href=\"https:\/\/www.swisskalk.ch\/fr\/shop\/service-fr\/detartrage-de-chauffe-eau\/\"><span class=\"fusion-button-text awb-button__text awb-button__text--default\">Commander<\/span><\/a><\/div><br \/>&nbsp;<\/p>\n<h3>Demandez une offre personelle sur PDF<\/h3>\n<div class=\"frm_forms  with_frm_style frm_style_formidable-style\" id=\"frm_form_31_container\" >\n<form enctype=\"multipart\/form-data\" method=\"post\" class=\"frm-show-form  frm_pro_form \" id=\"form_yww40722\" >\n<div class=\"frm_form_fields \">\n<fieldset>\n<legend class=\"frm_hidden\">Boilerentwicklung-fr<\/legend>\r\n\r\n<div class=\"frm_fields_container\">\n<input type=\"hidden\" name=\"frm_action\" value=\"create\" \/>\n<input type=\"hidden\" name=\"form_id\" value=\"31\" \/>\n<input type=\"hidden\" name=\"frm_hide_fields_31\" id=\"frm_hide_fields_31\" value=\"\" \/>\n<input type=\"hidden\" name=\"form_key\" value=\"yww40722\" \/>\n<input type=\"hidden\" name=\"item_meta[0]\" value=\"\" \/>\n<input type=\"hidden\" id=\"frm_submit_entry_31\" name=\"frm_submit_entry_31\" value=\"e0b7bb425d\" \/><input type=\"hidden\" name=\"_wp_http_referer\" value=\"\/fr\/wp-json\/wp\/v2\/pages\/872\" \/><div id=\"frm_field_298_container\" class=\"frm_form_field form-field  frm_required_field frm_top_container frm_first frm_third\">\r\n    <label for=\"field_name33\" class=\"frm_primary_label\">Nom\r\n        <span class=\"frm_required\">*<\/span>\r\n    <\/label>\r\n    <input  type=\"text\" id=\"field_name33\" name=\"item_meta[298]\" value=\"\"  data-reqmsg=\"Dieses Feld muss ausgef\u00fcllt werden.\" aria-required=\"true\" data-invmsg=\"Nom est non valide\" aria-invalid=\"false\"   \/>\r\n    \r\n    \r\n<\/div>\n<div id=\"frm_field_299_container\" class=\"frm_form_field form-field  frm_required_field frm_top_container frm_third\">\r\n    <label for=\"field_vorname33\" class=\"frm_primary_label\">Pr\u00e9nom\r\n        <span class=\"frm_required\">*<\/span>\r\n    <\/label>\r\n    <input  type=\"text\" id=\"field_vorname33\" name=\"item_meta[299]\" value=\"\"  data-reqmsg=\"Dieses Feld muss ausgef\u00fcllt werden.\" aria-required=\"true\" data-invmsg=\"Pr\u00e9nom est non valide\" aria-invalid=\"false\"   \/>\r\n    \r\n    \r\n<\/div>\n<div id=\"frm_field_300_container\" class=\"frm_form_field form-field  frm_top_container frm_third\">\r\n    <label for=\"field_gto9i43\" class=\"frm_primary_label\">(Firme)\r\n        <span class=\"frm_required\"><\/span>\r\n    <\/label>\r\n    <input  type=\"text\" id=\"field_gto9i43\" name=\"item_meta[300]\" value=\"\"  data-invmsg=\"(Firme) est non valide\" aria-invalid=\"false\"   \/>\r\n    \r\n    \r\n<\/div>\n<div id=\"frm_field_301_container\" class=\"frm_form_field form-field  frm_required_field frm_top_container frm_two_thirds frm_first\">\r\n    <label for=\"field_68omo93\" class=\"frm_primary_label\">Email:\r\n        <span class=\"frm_required\">*<\/span>\r\n    <\/label>\r\n    <input type=\"email\" id=\"field_68omo93\" name=\"item_meta[301]\" value=\"\"  data-reqmsg=\"Dieses Feld muss ausgef\u00fcllt werden.\" aria-required=\"true\" data-invmsg=\"Email Adresse ist ung\u00fcltig\" aria-invalid=\"false\"  \/>\r\n    \r\n    \r\n<\/div>\n<div id=\"frm_field_302_container\" class=\"frm_form_field form-field  frm_required_field frm_top_container frm_third\">\r\n    <label for=\"field_ph3ym43\" class=\"frm_primary_label\">T\u00e9l\u00e9phone\r\n        <span class=\"frm_required\">*<\/span>\r\n    <\/label>\r\n    <input  type=\"text\" id=\"field_ph3ym43\" name=\"item_meta[302]\" value=\"\"  data-reqmsg=\"Dieses Feld muss ausgef\u00fcllt werden.\" aria-required=\"true\" data-invmsg=\"T\u00e9l\u00e9phone est non valide\" aria-invalid=\"false\"   \/>\r\n    \r\n    \r\n<\/div>\n<div id=\"frm_field_303_container\" class=\"frm_form_field form-field  frm_required_field frm_top_container frm_half frm_first\">\r\n    <label for=\"field_strasse33\" class=\"frm_primary_label\">Rue + \u2116\r\n        <span class=\"frm_required\">*<\/span>\r\n    <\/label>\r\n    <input  type=\"text\" id=\"field_strasse33\" name=\"item_meta[303]\" value=\"\"  data-reqmsg=\"Dieses Feld muss ausgef\u00fcllt werden.\" aria-required=\"true\" data-invmsg=\"Rue + \u2116 est non valide\" aria-invalid=\"false\"   \/>\r\n    \r\n    \r\n<\/div>\n<div id=\"frm_field_304_container\" class=\"frm_form_field form-field  frm_required_field frm_top_container frm_sixth\">\r\n    <label for=\"field_plz33\" class=\"frm_primary_label\">CP\r\n        <span class=\"frm_required\">*<\/span>\r\n    <\/label>\r\n    <input  type=\"text\" id=\"field_plz33\" name=\"item_meta[304]\" value=\"\"  data-reqmsg=\"Dieses Feld muss ausgef\u00fcllt werden.\" aria-required=\"true\" data-invmsg=\"CP est non valide\" aria-invalid=\"false\"   \/>\r\n    \r\n    \r\n<\/div>\n<div id=\"frm_field_305_container\" class=\"frm_form_field form-field  frm_required_field frm_top_container frm_third\">\r\n    <label for=\"field_ort33\" class=\"frm_primary_label\">Ville\r\n        <span class=\"frm_required\">*<\/span>\r\n    <\/label>\r\n    <input  type=\"text\" id=\"field_ort33\" name=\"item_meta[305]\" value=\"\"  data-reqmsg=\"Dieses Feld muss ausgef\u00fcllt werden.\" aria-required=\"true\" data-invmsg=\"Ville est non valide\" aria-invalid=\"false\"   \/>\r\n    \r\n    \r\n<\/div>\n<input type=\"hidden\" name=\"item_meta[309]\" id=\"field_plz5\" value=\"\"     \/>\n<input type=\"hidden\" name=\"item_meta[310]\" id=\"field_ganzername2\" value=\"\"     \/>\n\t<input type=\"hidden\" name=\"item_key\" value=\"\" \/>\n\t\t\t<div id=\"frm_field_340_container\">\n\t\t\t<label for=\"field_7fjr9\" >\n\t\t\t\tSi vous \u00eates un humain, ne remplissez pas ce champ.\t\t\t<\/label>\n\t\t\t<input  id=\"field_7fjr9\" type=\"text\" class=\"frm_form_field form-field frm_verify\" name=\"item_meta[340]\" value=\"\"  \/>\n\t\t<\/div>\n\t\t<input name=\"frm_state\" type=\"hidden\" value=\"rFADv3MSB9DXdW2kAjKSotqEARxQTwewsP6iSAgJdLRZvHJCjwl+NnQymmcXHUFb\" \/><div class=\"frm_submit frm_third\"  style=\"top:30px;position:relative;\">\r\n\r\n<input type=\"submit\" value=\"Recevoir le PDF\"  class=\"frm_final_submit\" formnovalidate=\"formnovalidate\" \/>\r\n<img decoding=\"async\" class=\"lazyload frm_ajax_loading\" src=\"data:image\/gif;base64,R0lGODlhAQABAAAAACH5BAEKAAEALAAAAAABAAEAAAICTAEAOw==\" data-orig-src=\"https:\/\/www.swisskalk.ch\/wp-content\/plugins\/formidable\/images\/ajax_loader.gif\" alt=\"Wird gesendet\"\/>\r\n\r\n<\/div><\/div>\n<\/fieldset>\n<\/div>\n\n<\/form>\n<\/div>\n<\/div>\n<p>[\/ezcol_1half_end]<\/p>\n","protected":false},"excerpt":{"rendered":"<p>D\u00e9tartrage de chauffe-eau Votre r\u00e9servoir, qui vous fournit quotidiennement de l&rsquo;eau chaude, n\u00e9cessite un d\u00e9tartrage r\u00e9gulier. En fonction de la duret\u00e9 de l&rsquo;eau, il doit \u00eatre effectu\u00e9 tous les 3 \u00e0 5 ans. D\u00e9tartrage m\u00e9canique 50-400 litresCHF 335.00 excl. TVA Si vous poss\u00e9dez un chauffe-eau d&rsquo;un volume plus important ou si vous avez besoin d&rsquo;un  [&#8230;]<\/p>\n","protected":false},"author":1,"featured_media":0,"parent":0,"menu_order":32,"comment_status":"closed","ping_status":"closed","template":"","meta":{"_joinchat":[],"footnotes":""},"class_list":["post-872","page","type-page","status-publish","hentry"],"yoast_head":"<!-- This site is optimized with the Yoast SEO plugin v26.6 - https:\/\/yoast.com\/wordpress\/plugins\/seo\/ -->\n<title>D\u00e9tartrage de chauffe-eau - Swisskalk GmbH \/\/ Entkalkungsanlagen<\/title>\n<meta name=\"robots\" content=\"index, follow, max-snippet:-1, max-image-preview:large, max-video-preview:-1\" \/>\n<link rel=\"canonical\" href=\"https:\/\/www.swisskalk.ch\/fr\/detartrage-de-chauffe-eau\/\" \/>\n<meta property=\"og:locale\" content=\"fr_FR\" \/>\n<meta property=\"og:type\" content=\"article\" \/>\n<meta property=\"og:title\" content=\"D\u00e9tartrage de chauffe-eau - Swisskalk GmbH \/\/ Entkalkungsanlagen\" \/>\n<meta property=\"og:description\" content=\"D\u00e9tartrage de chauffe-eau Votre r\u00e9servoir, qui vous fournit quotidiennement de l&rsquo;eau chaude, n\u00e9cessite un d\u00e9tartrage r\u00e9gulier. En fonction de la duret\u00e9 de l&rsquo;eau, il doit \u00eatre effectu\u00e9 tous les 3 \u00e0 5 ans. D\u00e9tartrage m\u00e9canique 50-400 litresCHF 335.00 excl. TVA Si vous poss\u00e9dez un chauffe-eau d&rsquo;un volume plus important ou si vous avez besoin d&rsquo;un [...]\" \/>\n<meta property=\"og:url\" content=\"https:\/\/www.swisskalk.ch\/fr\/detartrage-de-chauffe-eau\/\" \/>\n<meta property=\"og:site_name\" content=\"Swisskalk GmbH \/\/ Entkalkungsanlagen\" \/>\n<meta property=\"article:modified_time\" content=\"2017-03-29T09:23:27+00:00\" \/>\n<meta name=\"twitter:card\" content=\"summary_large_image\" \/>\n<meta name=\"twitter:label1\" content=\"Dur\u00e9e de lecture estim\u00e9e\" \/>\n\t<meta name=\"twitter:data1\" content=\"1 minute\" \/>\n<script type=\"application\/ld+json\" class=\"yoast-schema-graph\">{\"@context\":\"https:\/\/schema.org\",\"@graph\":[{\"@type\":\"WebPage\",\"@id\":\"https:\/\/www.swisskalk.ch\/fr\/detartrage-de-chauffe-eau\/\",\"url\":\"https:\/\/www.swisskalk.ch\/fr\/detartrage-de-chauffe-eau\/\",\"name\":\"D\u00e9tartrage de chauffe-eau - Swisskalk GmbH \/\/ Entkalkungsanlagen\",\"isPartOf\":{\"@id\":\"https:\/\/www.swisskalk.ch\/fr\/#website\"},\"datePublished\":\"2014-10-27T15:06:02+00:00\",\"dateModified\":\"2017-03-29T09:23:27+00:00\",\"breadcrumb\":{\"@id\":\"https:\/\/www.swisskalk.ch\/fr\/detartrage-de-chauffe-eau\/#breadcrumb\"},\"inLanguage\":\"fr-FR\",\"potentialAction\":[{\"@type\":\"ReadAction\",\"target\":[\"https:\/\/www.swisskalk.ch\/fr\/detartrage-de-chauffe-eau\/\"]}]},{\"@type\":\"BreadcrumbList\",\"@id\":\"https:\/\/www.swisskalk.ch\/fr\/detartrage-de-chauffe-eau\/#breadcrumb\",\"itemListElement\":[{\"@type\":\"ListItem\",\"position\":1,\"name\":\"Home\",\"item\":\"https:\/\/www.swisskalk.ch\/fr\/home\/\"},{\"@type\":\"ListItem\",\"position\":2,\"name\":\"D\u00e9tartrage de chauffe-eau\"}]},{\"@type\":\"WebSite\",\"@id\":\"https:\/\/www.swisskalk.ch\/fr\/#website\",\"url\":\"https:\/\/www.swisskalk.ch\/fr\/\",\"name\":\"Swisskalk GmbH \/\/ Entkalkungsanlagen\",\"description\":\"F\u00fchlen Sie den Unterschied - Entkalkungsanlage zum Vorzugspreis\",\"potentialAction\":[{\"@type\":\"SearchAction\",\"target\":{\"@type\":\"EntryPoint\",\"urlTemplate\":\"https:\/\/www.swisskalk.ch\/fr\/?s={search_term_string}\"},\"query-input\":{\"@type\":\"PropertyValueSpecification\",\"valueRequired\":true,\"valueName\":\"search_term_string\"}}],\"inLanguage\":\"fr-FR\"}]}<\/script>\n<!-- \/ Yoast SEO plugin. -->","yoast_head_json":{"title":"D\u00e9tartrage de chauffe-eau - Swisskalk GmbH \/\/ Entkalkungsanlagen","robots":{"index":"index","follow":"follow","max-snippet":"max-snippet:-1","max-image-preview":"max-image-preview:large","max-video-preview":"max-video-preview:-1"},"canonical":"https:\/\/www.swisskalk.ch\/fr\/detartrage-de-chauffe-eau\/","og_locale":"fr_FR","og_type":"article","og_title":"D\u00e9tartrage de chauffe-eau - Swisskalk GmbH \/\/ Entkalkungsanlagen","og_description":"D\u00e9tartrage de chauffe-eau Votre r\u00e9servoir, qui vous fournit quotidiennement de l&rsquo;eau chaude, n\u00e9cessite un d\u00e9tartrage r\u00e9gulier. En fonction de la duret\u00e9 de l&rsquo;eau, il doit \u00eatre effectu\u00e9 tous les 3 \u00e0 5 ans. D\u00e9tartrage m\u00e9canique 50-400 litresCHF 335.00 excl. TVA Si vous poss\u00e9dez un chauffe-eau d&rsquo;un volume plus important ou si vous avez besoin d&rsquo;un [...]","og_url":"https:\/\/www.swisskalk.ch\/fr\/detartrage-de-chauffe-eau\/","og_site_name":"Swisskalk GmbH \/\/ Entkalkungsanlagen","article_modified_time":"2017-03-29T09:23:27+00:00","twitter_card":"summary_large_image","twitter_misc":{"Dur\u00e9e de lecture estim\u00e9e":"1 minute"},"schema":{"@context":"https:\/\/schema.org","@graph":[{"@type":"WebPage","@id":"https:\/\/www.swisskalk.ch\/fr\/detartrage-de-chauffe-eau\/","url":"https:\/\/www.swisskalk.ch\/fr\/detartrage-de-chauffe-eau\/","name":"D\u00e9tartrage de chauffe-eau - Swisskalk GmbH \/\/ Entkalkungsanlagen","isPartOf":{"@id":"https:\/\/www.swisskalk.ch\/fr\/#website"},"datePublished":"2014-10-27T15:06:02+00:00","dateModified":"2017-03-29T09:23:27+00:00","breadcrumb":{"@id":"https:\/\/www.swisskalk.ch\/fr\/detartrage-de-chauffe-eau\/#breadcrumb"},"inLanguage":"fr-FR","potentialAction":[{"@type":"ReadAction","target":["https:\/\/www.swisskalk.ch\/fr\/detartrage-de-chauffe-eau\/"]}]},{"@type":"BreadcrumbList","@id":"https:\/\/www.swisskalk.ch\/fr\/detartrage-de-chauffe-eau\/#breadcrumb","itemListElement":[{"@type":"ListItem","position":1,"name":"Home","item":"https:\/\/www.swisskalk.ch\/fr\/home\/"},{"@type":"ListItem","position":2,"name":"D\u00e9tartrage de chauffe-eau"}]},{"@type":"WebSite","@id":"https:\/\/www.swisskalk.ch\/fr\/#website","url":"https:\/\/www.swisskalk.ch\/fr\/","name":"Swisskalk GmbH \/\/ Entkalkungsanlagen","description":"F\u00fchlen Sie den Unterschied - Entkalkungsanlage zum Vorzugspreis","potentialAction":[{"@type":"SearchAction","target":{"@type":"EntryPoint","urlTemplate":"https:\/\/www.swisskalk.ch\/fr\/?s={search_term_string}"},"query-input":{"@type":"PropertyValueSpecification","valueRequired":true,"valueName":"search_term_string"}}],"inLanguage":"fr-FR"}]}},"_links":{"self":[{"href":"https:\/\/www.swisskalk.ch\/fr\/wp-json\/wp\/v2\/pages\/872","targetHints":{"allow":["GET"]}}],"collection":[{"href":"https:\/\/www.swisskalk.ch\/fr\/wp-json\/wp\/v2\/pages"}],"about":[{"href":"https:\/\/www.swisskalk.ch\/fr\/wp-json\/wp\/v2\/types\/page"}],"author":[{"embeddable":true,"href":"https:\/\/www.swisskalk.ch\/fr\/wp-json\/wp\/v2\/users\/1"}],"replies":[{"embeddable":true,"href":"https:\/\/www.swisskalk.ch\/fr\/wp-json\/wp\/v2\/comments?post=872"}],"version-history":[{"count":0,"href":"https:\/\/www.swisskalk.ch\/fr\/wp-json\/wp\/v2\/pages\/872\/revisions"}],"wp:attachment":[{"href":"https:\/\/www.swisskalk.ch\/fr\/wp-json\/wp\/v2\/media?parent=872"}],"curies":[{"name":"wp","href":"https:\/\/api.w.org\/{rel}","templated":true}]}}