{"id":1227,"date":"2014-10-27T18:29:56","date_gmt":"2014-10-27T16:29:56","guid":{"rendered":"http:\/\/swisskalk.kreativloft.ch\/produkt\/filtertyp-jrg-2\/"},"modified":"2019-02-26T09:58:20","modified_gmt":"2019-02-26T08:58:20","slug":"reducteur-de-pression-jrg","status":"publish","type":"product","link":"https:\/\/www.swisskalk.ch\/fr\/shop\/filtre\/reducteur-de-pression-jrg\/","title":{"rendered":"R\u00e9ducteur de pression JRG"},"content":{"rendered":"<p><strong>Station d&rsquo;eau potable domestique JRGURED Combi PN 16 <\/strong>R\u00e9ducteur de pression combin\u00e9 avec filtre fin du c\u00f4t\u00e9 primaire, fa\u00e7ade en laiton rouge, partie sup\u00e9rieure en plastique renforc\u00e9 de fibres de verre, tiroir de soupape en acier inoxydable au chrome-nickel, raccord manom\u00e9trique bilat\u00e9ral, cartouche filtrante et support de filtre transparent avec bague filet\u00e9e en plastique, vanne de purge int\u00e9gr\u00e9e au support de filtre; avec cartouche filtrante standard de 100 microns en tissu PES<\/p>\n<table>\n<tbody>\n<tr>\n<td width=\"201\"><strong>Taille (pouce)<\/strong><\/td>\n<td width=\"201\"><strong>R\u00e9f. d&rsquo;article<\/strong><\/td>\n<td width=\"201\"><strong>Prix en CHF, installation comprise<\/strong><\/td>\n<\/tr>\n<tr>\n<td width=\"201\">1<\/td>\n<td width=\"201\">\u00a0<\/td>\n<td width=\"201\">725.-<\/td>\n<\/tr>\n<\/tbody>\n<\/table>\n","protected":false},"excerpt":{"rendered":"<p>hors TVA \u00e0 7,7%<strong><strong><strong><br \/>\nLe prix comprend le d\u00e9placement et l&rsquo;installation<\/strong><\/strong><\/strong><\/p>\n","protected":false},"featured_media":2762,"template":"","meta":{"_joinchat":[]},"product_brand":[],"product_cat":[770],"product_tag":[69,769,4137,771,772,48,773,115,174,49],"class_list":{"0":"post-1227","1":"product","2":"type-product","3":"status-publish","4":"has-post-thumbnail","6":"product_cat-filtre","7":"product_tag-entkalken-fr","8":"product_tag-ersatzteile-fr","9":"product_tag-filter-fr","10":"product_tag-filtertyp-jrg-fr","11":"product_tag-filterwechsel-fr","12":"product_tag-produkt-fr","13":"product_tag-reinigung-fr","14":"product_tag-schweiz-fr","15":"product_tag-service-fr","16":"product_tag-swisskalk-fr","18":"first","19":"instock","20":"taxable","21":"shipping-taxable","22":"purchasable","23":"product-type-simple"},"yoast_head":"<!-- This site is optimized with the Yoast SEO plugin v26.6 - https:\/\/yoast.com\/wordpress\/plugins\/seo\/ -->\n<title>R\u00e9ducteur de pression JRG - Swisskalk GmbH \/\/ Entkalkungsanlagen<\/title>\n<meta name=\"robots\" content=\"index, follow, max-snippet:-1, max-image-preview:large, max-video-preview:-1\" \/>\n<link rel=\"canonical\" href=\"https:\/\/www.swisskalk.ch\/fr\/shop\/filtre\/reducteur-de-pression-jrg\/\" \/>\n<meta property=\"og:locale\" content=\"fr_FR\" \/>\n<meta property=\"og:type\" content=\"article\" \/>\n<meta property=\"og:title\" content=\"R\u00e9ducteur de pression JRG - Swisskalk GmbH \/\/ Entkalkungsanlagen\" \/>\n<meta property=\"og:description\" content=\"hors TVA \u00e0 7,7% Le prix comprend le d\u00e9placement et l&#039;installation\" \/>\n<meta property=\"og:url\" content=\"https:\/\/www.swisskalk.ch\/fr\/shop\/filtre\/reducteur-de-pression-jrg\/\" \/>\n<meta property=\"og:site_name\" content=\"Swisskalk GmbH \/\/ Entkalkungsanlagen\" \/>\n<meta property=\"article:modified_time\" content=\"2019-02-26T08:58:20+00:00\" \/>\n<meta property=\"og:image\" content=\"https:\/\/www.swisskalk.ch\/wp-content\/uploads\/2014\/11\/JRG-Filter.jpg\" \/>\n\t<meta property=\"og:image:width\" content=\"1000\" \/>\n\t<meta property=\"og:image:height\" content=\"1000\" \/>\n\t<meta property=\"og:image:type\" content=\"image\/jpeg\" \/>\n<meta name=\"twitter:card\" content=\"summary_large_image\" \/>\n<script type=\"application\/ld+json\" class=\"yoast-schema-graph\">{\"@context\":\"https:\/\/schema.org\",\"@graph\":[{\"@type\":\"WebPage\",\"@id\":\"https:\/\/www.swisskalk.ch\/fr\/shop\/filtre\/reducteur-de-pression-jrg\/\",\"url\":\"https:\/\/www.swisskalk.ch\/fr\/shop\/filtre\/reducteur-de-pression-jrg\/\",\"name\":\"R\u00e9ducteur de pression JRG - Swisskalk GmbH \/\/ Entkalkungsanlagen\",\"isPartOf\":{\"@id\":\"https:\/\/www.swisskalk.ch\/fr\/#website\"},\"primaryImageOfPage\":{\"@id\":\"https:\/\/www.swisskalk.ch\/fr\/shop\/filtre\/reducteur-de-pression-jrg\/#primaryimage\"},\"image\":{\"@id\":\"https:\/\/www.swisskalk.ch\/fr\/shop\/filtre\/reducteur-de-pression-jrg\/#primaryimage\"},\"thumbnailUrl\":\"https:\/\/www.swisskalk.ch\/wp-content\/uploads\/2014\/11\/JRG-Filter.jpg\",\"datePublished\":\"2014-10-27T16:29:56+00:00\",\"dateModified\":\"2019-02-26T08:58:20+00:00\",\"breadcrumb\":{\"@id\":\"https:\/\/www.swisskalk.ch\/fr\/shop\/filtre\/reducteur-de-pression-jrg\/#breadcrumb\"},\"inLanguage\":\"fr-FR\",\"potentialAction\":[{\"@type\":\"ReadAction\",\"target\":[\"https:\/\/www.swisskalk.ch\/fr\/shop\/filtre\/reducteur-de-pression-jrg\/\"]}]},{\"@type\":\"ImageObject\",\"inLanguage\":\"fr-FR\",\"@id\":\"https:\/\/www.swisskalk.ch\/fr\/shop\/filtre\/reducteur-de-pression-jrg\/#primaryimage\",\"url\":\"https:\/\/www.swisskalk.ch\/wp-content\/uploads\/2014\/11\/JRG-Filter.jpg\",\"contentUrl\":\"https:\/\/www.swisskalk.ch\/wp-content\/uploads\/2014\/11\/JRG-Filter.jpg\",\"width\":1000,\"height\":1000},{\"@type\":\"BreadcrumbList\",\"@id\":\"https:\/\/www.swisskalk.ch\/fr\/shop\/filtre\/reducteur-de-pression-jrg\/#breadcrumb\",\"itemListElement\":[{\"@type\":\"ListItem\",\"position\":1,\"name\":\"Home\",\"item\":\"https:\/\/www.swisskalk.ch\/fr\/home\/\"},{\"@type\":\"ListItem\",\"position\":2,\"name\":\"Shop\",\"item\":\"https:\/\/www.swisskalk.ch\/shop\/\"},{\"@type\":\"ListItem\",\"position\":3,\"name\":\"R\u00e9ducteur de pression JRG\"}]},{\"@type\":\"WebSite\",\"@id\":\"https:\/\/www.swisskalk.ch\/fr\/#website\",\"url\":\"https:\/\/www.swisskalk.ch\/fr\/\",\"name\":\"Swisskalk GmbH \/\/ Entkalkungsanlagen\",\"description\":\"F\u00fchlen Sie den Unterschied - Entkalkungsanlage zum Vorzugspreis\",\"potentialAction\":[{\"@type\":\"SearchAction\",\"target\":{\"@type\":\"EntryPoint\",\"urlTemplate\":\"https:\/\/www.swisskalk.ch\/fr\/?s={search_term_string}\"},\"query-input\":{\"@type\":\"PropertyValueSpecification\",\"valueRequired\":true,\"valueName\":\"search_term_string\"}}],\"inLanguage\":\"fr-FR\"}]}<\/script>\n<!-- \/ Yoast SEO plugin. -->","yoast_head_json":{"title":"R\u00e9ducteur de pression JRG - Swisskalk GmbH \/\/ Entkalkungsanlagen","robots":{"index":"index","follow":"follow","max-snippet":"max-snippet:-1","max-image-preview":"max-image-preview:large","max-video-preview":"max-video-preview:-1"},"canonical":"https:\/\/www.swisskalk.ch\/fr\/shop\/filtre\/reducteur-de-pression-jrg\/","og_locale":"fr_FR","og_type":"article","og_title":"R\u00e9ducteur de pression JRG - Swisskalk GmbH \/\/ Entkalkungsanlagen","og_description":"hors TVA \u00e0 7,7% Le prix comprend le d\u00e9placement et l'installation","og_url":"https:\/\/www.swisskalk.ch\/fr\/shop\/filtre\/reducteur-de-pression-jrg\/","og_site_name":"Swisskalk GmbH \/\/ Entkalkungsanlagen","article_modified_time":"2019-02-26T08:58:20+00:00","og_image":[{"width":1000,"height":1000,"url":"https:\/\/www.swisskalk.ch\/wp-content\/uploads\/2014\/11\/JRG-Filter.jpg","type":"image\/jpeg"}],"twitter_card":"summary_large_image","schema":{"@context":"https:\/\/schema.org","@graph":[{"@type":"WebPage","@id":"https:\/\/www.swisskalk.ch\/fr\/shop\/filtre\/reducteur-de-pression-jrg\/","url":"https:\/\/www.swisskalk.ch\/fr\/shop\/filtre\/reducteur-de-pression-jrg\/","name":"R\u00e9ducteur de pression JRG - Swisskalk GmbH \/\/ Entkalkungsanlagen","isPartOf":{"@id":"https:\/\/www.swisskalk.ch\/fr\/#website"},"primaryImageOfPage":{"@id":"https:\/\/www.swisskalk.ch\/fr\/shop\/filtre\/reducteur-de-pression-jrg\/#primaryimage"},"image":{"@id":"https:\/\/www.swisskalk.ch\/fr\/shop\/filtre\/reducteur-de-pression-jrg\/#primaryimage"},"thumbnailUrl":"https:\/\/www.swisskalk.ch\/wp-content\/uploads\/2014\/11\/JRG-Filter.jpg","datePublished":"2014-10-27T16:29:56+00:00","dateModified":"2019-02-26T08:58:20+00:00","breadcrumb":{"@id":"https:\/\/www.swisskalk.ch\/fr\/shop\/filtre\/reducteur-de-pression-jrg\/#breadcrumb"},"inLanguage":"fr-FR","potentialAction":[{"@type":"ReadAction","target":["https:\/\/www.swisskalk.ch\/fr\/shop\/filtre\/reducteur-de-pression-jrg\/"]}]},{"@type":"ImageObject","inLanguage":"fr-FR","@id":"https:\/\/www.swisskalk.ch\/fr\/shop\/filtre\/reducteur-de-pression-jrg\/#primaryimage","url":"https:\/\/www.swisskalk.ch\/wp-content\/uploads\/2014\/11\/JRG-Filter.jpg","contentUrl":"https:\/\/www.swisskalk.ch\/wp-content\/uploads\/2014\/11\/JRG-Filter.jpg","width":1000,"height":1000},{"@type":"BreadcrumbList","@id":"https:\/\/www.swisskalk.ch\/fr\/shop\/filtre\/reducteur-de-pression-jrg\/#breadcrumb","itemListElement":[{"@type":"ListItem","position":1,"name":"Home","item":"https:\/\/www.swisskalk.ch\/fr\/home\/"},{"@type":"ListItem","position":2,"name":"Shop","item":"https:\/\/www.swisskalk.ch\/shop\/"},{"@type":"ListItem","position":3,"name":"R\u00e9ducteur de pression JRG"}]},{"@type":"WebSite","@id":"https:\/\/www.swisskalk.ch\/fr\/#website","url":"https:\/\/www.swisskalk.ch\/fr\/","name":"Swisskalk GmbH \/\/ Entkalkungsanlagen","description":"F\u00fchlen Sie den Unterschied - Entkalkungsanlage zum Vorzugspreis","potentialAction":[{"@type":"SearchAction","target":{"@type":"EntryPoint","urlTemplate":"https:\/\/www.swisskalk.ch\/fr\/?s={search_term_string}"},"query-input":{"@type":"PropertyValueSpecification","valueRequired":true,"valueName":"search_term_string"}}],"inLanguage":"fr-FR"}]}},"_links":{"self":[{"href":"https:\/\/www.swisskalk.ch\/fr\/wp-json\/wp\/v2\/product\/1227","targetHints":{"allow":["GET"]}}],"collection":[{"href":"https:\/\/www.swisskalk.ch\/fr\/wp-json\/wp\/v2\/product"}],"about":[{"href":"https:\/\/www.swisskalk.ch\/fr\/wp-json\/wp\/v2\/types\/product"}],"wp:featuredmedia":[{"embeddable":true,"href":"https:\/\/www.swisskalk.ch\/fr\/wp-json\/wp\/v2\/media\/2762"}],"wp:attachment":[{"href":"https:\/\/www.swisskalk.ch\/fr\/wp-json\/wp\/v2\/media?parent=1227"}],"wp:term":[{"taxonomy":"product_brand","embeddable":true,"href":"https:\/\/www.swisskalk.ch\/fr\/wp-json\/wp\/v2\/product_brand?post=1227"},{"taxonomy":"product_cat","embeddable":true,"href":"https:\/\/www.swisskalk.ch\/fr\/wp-json\/wp\/v2\/product_cat?post=1227"},{"taxonomy":"product_tag","embeddable":true,"href":"https:\/\/www.swisskalk.ch\/fr\/wp-json\/wp\/v2\/product_tag?post=1227"}],"curies":[{"name":"wp","href":"https:\/\/api.w.org\/{rel}","templated":true}]}}