{"id":1233,"date":"2014-10-27T18:27:06","date_gmt":"2014-10-27T16:27:06","guid":{"rendered":"http:\/\/swisskalk.kreativloft.ch\/produkt\/filtertyp-nussbaum-kurz-2\/"},"modified":"2019-02-26T09:52:08","modified_gmt":"2019-02-26T08:52:08","slug":"reducteur-de-pression-avec-cartouche-de-filtre-redfil-courte","status":"publish","type":"product","link":"https:\/\/www.swisskalk.ch\/fr\/shop\/filtre\/reducteur-de-pression-avec-cartouche-de-filtre-redfil-courte\/","title":{"rendered":"R\u00e9ducteur de pression avec cartouche de filtre \u00ab Redfil \u00bb (courte)"},"content":{"rendered":"<p>R\u00e9ducteur de pression combin\u00e9 avec filtre fin, avec raccords pour tube, pression secondaire r\u00e9gl\u00e9e \u00e0 4 bar<br \/>\nPlage de r\u00e9glage de 2 \u00e0 6 bar pour une eau jusqu&rsquo;\u00e0 30\u00b0 C<br \/>\nCartouche de filtre en polyamide, tissu de filtre synth\u00e9tique, finesse de filtration<br \/>\n100 microns<\/p>\n<table>\n<tbody>\n<tr>\n<td width=\"201\"><strong>Taille (pouce)<\/strong><\/td>\n<td width=\"201\"><strong>R\u00e9f. d&rsquo;article<\/strong><\/td>\n<td width=\"201\"><strong>Prix en CHF, installation comprise<\/strong><\/td>\n<\/tr>\n<tr>\n<td width=\"201\">1<\/td>\n<td width=\"201\">12072.06<\/td>\n<td width=\"201\">635.-<\/td>\n<\/tr>\n<tr>\n<td width=\"201\">1 \u00bc<\/td>\n<td width=\"201\">12072.07<\/td>\n<td width=\"201\">695.-<\/td>\n<\/tr>\n<tr>\n<td width=\"201\">\u00a0<\/td>\n<td width=\"201\">\u00a0<\/td>\n<td width=\"201\">\u00a0<\/td>\n<\/tr>\n<tr>\n<td width=\"201\">\u00a0<\/td>\n<td width=\"201\">\u00a0<\/td>\n<td width=\"201\">\u00a0<\/td>\n<\/tr>\n<\/tbody>\n<\/table>\n<p><strong>\u00a0<\/strong><\/p>\n","protected":false},"excerpt":{"rendered":"<p>hors TVA \u00e0 7,7%<strong><strong><strong><br \/>\nLe prix comprend le d\u00e9placement et l&rsquo;installation<\/strong><\/strong><\/strong><\/p>\n<p>Taille (pouce) \u00a0Annuler la s\u00e9lection<\/p>\n","protected":false},"featured_media":2768,"template":"","meta":{"_joinchat":[]},"product_brand":[],"product_cat":[770],"product_tag":[69,769,4137,783,793,772,785,794,48,773,115,174,49],"class_list":{"0":"post-1233","1":"product","2":"type-product","3":"status-publish","4":"has-post-thumbnail","6":"product_cat-filtre","7":"product_tag-entkalken-fr","8":"product_tag-ersatzteile-fr","9":"product_tag-filter-fr","10":"product_tag-filtertyp-fr","11":"product_tag-filtertyp-nussbaum-kurz-fr","12":"product_tag-filterwechsel-fr","13":"product_tag-nussbaum-fr","14":"product_tag-nussbaum-kurz-fr","15":"product_tag-produkt-fr","16":"product_tag-reinigung-fr","17":"product_tag-schweiz-fr","18":"product_tag-service-fr","19":"product_tag-swisskalk-fr","21":"first","22":"instock","23":"sold-individually","24":"taxable","25":"shipping-taxable","26":"purchasable","27":"product-type-variable"},"yoast_head":"<!-- This site is optimized with the Yoast SEO plugin v26.6 - https:\/\/yoast.com\/wordpress\/plugins\/seo\/ -->\n<title>R\u00e9ducteur de pression avec cartouche de filtre \u00ab Redfil \u00bb (courte) - Swisskalk GmbH \/\/ Entkalkungsanlagen<\/title>\n<meta name=\"robots\" content=\"index, follow, max-snippet:-1, max-image-preview:large, max-video-preview:-1\" \/>\n<link rel=\"canonical\" href=\"https:\/\/www.swisskalk.ch\/fr\/shop\/filtre\/reducteur-de-pression-avec-cartouche-de-filtre-redfil-courte\/\" \/>\n<meta property=\"og:locale\" content=\"fr_FR\" \/>\n<meta property=\"og:type\" content=\"article\" \/>\n<meta property=\"og:title\" content=\"R\u00e9ducteur de pression avec cartouche de filtre \u00ab Redfil \u00bb (courte) - Swisskalk GmbH \/\/ Entkalkungsanlagen\" \/>\n<meta property=\"og:description\" content=\"hors TVA \u00e0 7,7% Le prix comprend le d\u00e9placement et l&#039;installation Taille (pouce) \u00a0Annuler la s\u00e9lection\" \/>\n<meta property=\"og:url\" content=\"https:\/\/www.swisskalk.ch\/fr\/shop\/filtre\/reducteur-de-pression-avec-cartouche-de-filtre-redfil-courte\/\" \/>\n<meta property=\"og:site_name\" content=\"Swisskalk GmbH \/\/ Entkalkungsanlagen\" \/>\n<meta property=\"article:modified_time\" content=\"2019-02-26T08:52:08+00:00\" \/>\n<meta property=\"og:image\" content=\"https:\/\/www.swisskalk.ch\/wp-content\/uploads\/2014\/11\/Nussbaum-kurz.jpg\" \/>\n\t<meta property=\"og:image:width\" content=\"1000\" \/>\n\t<meta property=\"og:image:height\" content=\"1000\" \/>\n\t<meta property=\"og:image:type\" content=\"image\/jpeg\" \/>\n<meta name=\"twitter:card\" content=\"summary_large_image\" \/>\n<script type=\"application\/ld+json\" class=\"yoast-schema-graph\">{\"@context\":\"https:\/\/schema.org\",\"@graph\":[{\"@type\":\"WebPage\",\"@id\":\"https:\/\/www.swisskalk.ch\/fr\/shop\/filtre\/reducteur-de-pression-avec-cartouche-de-filtre-redfil-courte\/\",\"url\":\"https:\/\/www.swisskalk.ch\/fr\/shop\/filtre\/reducteur-de-pression-avec-cartouche-de-filtre-redfil-courte\/\",\"name\":\"R\u00e9ducteur de pression avec cartouche de filtre \u00ab Redfil \u00bb (courte) - Swisskalk GmbH \/\/ Entkalkungsanlagen\",\"isPartOf\":{\"@id\":\"https:\/\/www.swisskalk.ch\/fr\/#website\"},\"primaryImageOfPage\":{\"@id\":\"https:\/\/www.swisskalk.ch\/fr\/shop\/filtre\/reducteur-de-pression-avec-cartouche-de-filtre-redfil-courte\/#primaryimage\"},\"image\":{\"@id\":\"https:\/\/www.swisskalk.ch\/fr\/shop\/filtre\/reducteur-de-pression-avec-cartouche-de-filtre-redfil-courte\/#primaryimage\"},\"thumbnailUrl\":\"https:\/\/www.swisskalk.ch\/wp-content\/uploads\/2014\/11\/Nussbaum-kurz.jpg\",\"datePublished\":\"2014-10-27T16:27:06+00:00\",\"dateModified\":\"2019-02-26T08:52:08+00:00\",\"breadcrumb\":{\"@id\":\"https:\/\/www.swisskalk.ch\/fr\/shop\/filtre\/reducteur-de-pression-avec-cartouche-de-filtre-redfil-courte\/#breadcrumb\"},\"inLanguage\":\"fr-FR\",\"potentialAction\":[{\"@type\":\"ReadAction\",\"target\":[\"https:\/\/www.swisskalk.ch\/fr\/shop\/filtre\/reducteur-de-pression-avec-cartouche-de-filtre-redfil-courte\/\"]}]},{\"@type\":\"ImageObject\",\"inLanguage\":\"fr-FR\",\"@id\":\"https:\/\/www.swisskalk.ch\/fr\/shop\/filtre\/reducteur-de-pression-avec-cartouche-de-filtre-redfil-courte\/#primaryimage\",\"url\":\"https:\/\/www.swisskalk.ch\/wp-content\/uploads\/2014\/11\/Nussbaum-kurz.jpg\",\"contentUrl\":\"https:\/\/www.swisskalk.ch\/wp-content\/uploads\/2014\/11\/Nussbaum-kurz.jpg\",\"width\":1000,\"height\":1000},{\"@type\":\"BreadcrumbList\",\"@id\":\"https:\/\/www.swisskalk.ch\/fr\/shop\/filtre\/reducteur-de-pression-avec-cartouche-de-filtre-redfil-courte\/#breadcrumb\",\"itemListElement\":[{\"@type\":\"ListItem\",\"position\":1,\"name\":\"Home\",\"item\":\"https:\/\/www.swisskalk.ch\/fr\/home\/\"},{\"@type\":\"ListItem\",\"position\":2,\"name\":\"Shop\",\"item\":\"https:\/\/www.swisskalk.ch\/shop\/\"},{\"@type\":\"ListItem\",\"position\":3,\"name\":\"R\u00e9ducteur de pression avec cartouche de filtre \u00ab Redfil \u00bb (courte)\"}]},{\"@type\":\"WebSite\",\"@id\":\"https:\/\/www.swisskalk.ch\/fr\/#website\",\"url\":\"https:\/\/www.swisskalk.ch\/fr\/\",\"name\":\"Swisskalk GmbH \/\/ Entkalkungsanlagen\",\"description\":\"F\u00fchlen Sie den Unterschied - Entkalkungsanlage zum Vorzugspreis\",\"potentialAction\":[{\"@type\":\"SearchAction\",\"target\":{\"@type\":\"EntryPoint\",\"urlTemplate\":\"https:\/\/www.swisskalk.ch\/fr\/?s={search_term_string}\"},\"query-input\":{\"@type\":\"PropertyValueSpecification\",\"valueRequired\":true,\"valueName\":\"search_term_string\"}}],\"inLanguage\":\"fr-FR\"}]}<\/script>\n<!-- \/ Yoast SEO plugin. -->","yoast_head_json":{"title":"R\u00e9ducteur de pression avec cartouche de filtre \u00ab Redfil \u00bb (courte) - Swisskalk GmbH \/\/ Entkalkungsanlagen","robots":{"index":"index","follow":"follow","max-snippet":"max-snippet:-1","max-image-preview":"max-image-preview:large","max-video-preview":"max-video-preview:-1"},"canonical":"https:\/\/www.swisskalk.ch\/fr\/shop\/filtre\/reducteur-de-pression-avec-cartouche-de-filtre-redfil-courte\/","og_locale":"fr_FR","og_type":"article","og_title":"R\u00e9ducteur de pression avec cartouche de filtre \u00ab Redfil \u00bb (courte) - Swisskalk GmbH \/\/ Entkalkungsanlagen","og_description":"hors TVA \u00e0 7,7% Le prix comprend le d\u00e9placement et l'installation Taille (pouce) \u00a0Annuler la s\u00e9lection","og_url":"https:\/\/www.swisskalk.ch\/fr\/shop\/filtre\/reducteur-de-pression-avec-cartouche-de-filtre-redfil-courte\/","og_site_name":"Swisskalk GmbH \/\/ Entkalkungsanlagen","article_modified_time":"2019-02-26T08:52:08+00:00","og_image":[{"width":1000,"height":1000,"url":"https:\/\/www.swisskalk.ch\/wp-content\/uploads\/2014\/11\/Nussbaum-kurz.jpg","type":"image\/jpeg"}],"twitter_card":"summary_large_image","schema":{"@context":"https:\/\/schema.org","@graph":[{"@type":"WebPage","@id":"https:\/\/www.swisskalk.ch\/fr\/shop\/filtre\/reducteur-de-pression-avec-cartouche-de-filtre-redfil-courte\/","url":"https:\/\/www.swisskalk.ch\/fr\/shop\/filtre\/reducteur-de-pression-avec-cartouche-de-filtre-redfil-courte\/","name":"R\u00e9ducteur de pression avec cartouche de filtre \u00ab Redfil \u00bb (courte) - Swisskalk GmbH \/\/ Entkalkungsanlagen","isPartOf":{"@id":"https:\/\/www.swisskalk.ch\/fr\/#website"},"primaryImageOfPage":{"@id":"https:\/\/www.swisskalk.ch\/fr\/shop\/filtre\/reducteur-de-pression-avec-cartouche-de-filtre-redfil-courte\/#primaryimage"},"image":{"@id":"https:\/\/www.swisskalk.ch\/fr\/shop\/filtre\/reducteur-de-pression-avec-cartouche-de-filtre-redfil-courte\/#primaryimage"},"thumbnailUrl":"https:\/\/www.swisskalk.ch\/wp-content\/uploads\/2014\/11\/Nussbaum-kurz.jpg","datePublished":"2014-10-27T16:27:06+00:00","dateModified":"2019-02-26T08:52:08+00:00","breadcrumb":{"@id":"https:\/\/www.swisskalk.ch\/fr\/shop\/filtre\/reducteur-de-pression-avec-cartouche-de-filtre-redfil-courte\/#breadcrumb"},"inLanguage":"fr-FR","potentialAction":[{"@type":"ReadAction","target":["https:\/\/www.swisskalk.ch\/fr\/shop\/filtre\/reducteur-de-pression-avec-cartouche-de-filtre-redfil-courte\/"]}]},{"@type":"ImageObject","inLanguage":"fr-FR","@id":"https:\/\/www.swisskalk.ch\/fr\/shop\/filtre\/reducteur-de-pression-avec-cartouche-de-filtre-redfil-courte\/#primaryimage","url":"https:\/\/www.swisskalk.ch\/wp-content\/uploads\/2014\/11\/Nussbaum-kurz.jpg","contentUrl":"https:\/\/www.swisskalk.ch\/wp-content\/uploads\/2014\/11\/Nussbaum-kurz.jpg","width":1000,"height":1000},{"@type":"BreadcrumbList","@id":"https:\/\/www.swisskalk.ch\/fr\/shop\/filtre\/reducteur-de-pression-avec-cartouche-de-filtre-redfil-courte\/#breadcrumb","itemListElement":[{"@type":"ListItem","position":1,"name":"Home","item":"https:\/\/www.swisskalk.ch\/fr\/home\/"},{"@type":"ListItem","position":2,"name":"Shop","item":"https:\/\/www.swisskalk.ch\/shop\/"},{"@type":"ListItem","position":3,"name":"R\u00e9ducteur de pression avec cartouche de filtre \u00ab Redfil \u00bb (courte)"}]},{"@type":"WebSite","@id":"https:\/\/www.swisskalk.ch\/fr\/#website","url":"https:\/\/www.swisskalk.ch\/fr\/","name":"Swisskalk GmbH \/\/ Entkalkungsanlagen","description":"F\u00fchlen Sie den Unterschied - Entkalkungsanlage zum Vorzugspreis","potentialAction":[{"@type":"SearchAction","target":{"@type":"EntryPoint","urlTemplate":"https:\/\/www.swisskalk.ch\/fr\/?s={search_term_string}"},"query-input":{"@type":"PropertyValueSpecification","valueRequired":true,"valueName":"search_term_string"}}],"inLanguage":"fr-FR"}]}},"_links":{"self":[{"href":"https:\/\/www.swisskalk.ch\/fr\/wp-json\/wp\/v2\/product\/1233","targetHints":{"allow":["GET"]}}],"collection":[{"href":"https:\/\/www.swisskalk.ch\/fr\/wp-json\/wp\/v2\/product"}],"about":[{"href":"https:\/\/www.swisskalk.ch\/fr\/wp-json\/wp\/v2\/types\/product"}],"wp:featuredmedia":[{"embeddable":true,"href":"https:\/\/www.swisskalk.ch\/fr\/wp-json\/wp\/v2\/media\/2768"}],"wp:attachment":[{"href":"https:\/\/www.swisskalk.ch\/fr\/wp-json\/wp\/v2\/media?parent=1233"}],"wp:term":[{"taxonomy":"product_brand","embeddable":true,"href":"https:\/\/www.swisskalk.ch\/fr\/wp-json\/wp\/v2\/product_brand?post=1233"},{"taxonomy":"product_cat","embeddable":true,"href":"https:\/\/www.swisskalk.ch\/fr\/wp-json\/wp\/v2\/product_cat?post=1233"},{"taxonomy":"product_tag","embeddable":true,"href":"https:\/\/www.swisskalk.ch\/fr\/wp-json\/wp\/v2\/product_tag?post=1233"}],"curies":[{"name":"wp","href":"https:\/\/api.w.org\/{rel}","templated":true}]}}