{"id":1654,"date":"2014-11-12T15:19:00","date_gmt":"2014-11-12T13:19:00","guid":{"rendered":"http:\/\/www.swisskalk.ch\/2015\/?post_type=product&#038;p=1654"},"modified":"2025-11-11T10:19:35","modified_gmt":"2025-11-11T09:19:35","slug":"home15-fr","status":"publish","type":"product","link":"https:\/\/www.swisskalk.ch\/fr\/shop\/detartrage-de-chauffe-eau\/home15-fr\/","title":{"rendered":"Swisskalk home 15 NextGen"},"content":{"rendered":"<div class=\"fusion-fullwidth fullwidth-box fusion-builder-row-1 fusion-flex-container has-pattern-background has-mask-background nonhundred-percent-fullwidth non-hundred-percent-height-scrolling\" style=\"--awb-border-radius-top-left:0px;--awb-border-radius-top-right:0px;--awb-border-radius-bottom-right:0px;--awb-border-radius-bottom-left:0px;--awb-background-color:var(--awb-custom_color_1);--awb-flex-wrap:wrap;\" ><div class=\"fusion-builder-row fusion-row fusion-flex-align-items-flex-start fusion-flex-content-wrap\" style=\"max-width:1664px;margin-left: calc(-4% \/ 2 );margin-right: calc(-4% \/ 2 );\"><div class=\"fusion-layout-column fusion_builder_column fusion-builder-column-0 fusion_builder_column_1_1 1_1 fusion-flex-column\" style=\"--awb-bg-color:var(--awb-custom_color_1);--awb-bg-color-hover:var(--awb-custom_color_1);--awb-bg-blend:overlay;--awb-bg-size:cover;--awb-width-large:100%;--awb-margin-top-large:0px;--awb-spacing-right-large:1.92%;--awb-margin-bottom-large:0px;--awb-spacing-left-large:1.92%;--awb-width-medium:100%;--awb-order-medium:0;--awb-spacing-right-medium:1.92%;--awb-spacing-left-medium:1.92%;--awb-width-small:100%;--awb-order-small:0;--awb-spacing-right-small:1.92%;--awb-spacing-left-small:1.92%;\" data-scroll-devices=\"small-visibility,medium-visibility,large-visibility\"><div class=\"fusion-column-wrapper fusion-column-has-shadow fusion-flex-justify-content-flex-start fusion-content-layout-column\"><div class=\"fusion-text fusion-text-1\"><p><strong>Convient pour une maison individuelle ou bifamiliale<\/p>\n<p>Paiement \u00e9chelonn\u00e9 sur demande<\/p>\n<p>Garantie compl\u00e8te de 10 ans incluse<\/p>\n<p><\/strong><\/p>\n<p>Syst\u00e8me de d\u00e9tartrage suisse ultramoderne, \u00e0 commande temporelle et volum\u00e9trique, \u00e9quip\u00e9 d\u2019une vanne de r\u00e9gulation haute technologie et d\u2019un microprocesseur robuste pour votre habitation. Il r\u00e9duit la teneur en calcaire \u00e0 un niveau agr\u00e9able de dix degr\u00e9s fran\u00e7ais de duret\u00e9. Tous les min\u00e9raux naturellement pr\u00e9sents dans l\u2019eau sont int\u00e9gralement pr\u00e9serv\u00e9s.<\/p>\n<p>Le syst\u00e8me de commande calcule automatiquement votre consommation quotidienne d\u2019eau et d\u00e9clenche la r\u00e9g\u00e9n\u00e9ration de l\u2019installation de mani\u00e8re autonome.<\/p>\n<p>Autres <a href=\"https:\/\/www.swisskalk.ch\/swisskalk-home\/\">appareils Swisskalk Home<\/a><\/p>\n<p><strong>Les syst\u00e8mes de d\u00e9tartrage prot\u00e8gent contre les dommages dus au calcaire dans :<\/strong><\/p>\n<p>\u2013 Chauffe-eau<\/p>\n<p>\u2013 Syst\u00e8mes d\u2019eau chaude<\/p>\n<p>\u2013 Machines \u00e0 laver<\/p>\n<p>\u2013 Installations de chauffage<\/p>\n<p>\u2013 Machines \u00e0 caf\u00e9<\/p>\n<p>\u2013 Appareils de cuisine<\/p>\n<p>\u2013 et bien plus encore<\/p>\n<p><strong>En achetant une installation Swisskalk Home, vous b\u00e9n\u00e9ficiez des prestations de service suivantes :<\/strong><\/p>\n<p>\u2022 10 ans de garantie compl\u00e8te sur l\u2019installation<\/p>\n<p>\u2022 Assistance 365 jours par an pendant les heures de bureau<\/p>\n<p>\u2022 En cas de panne : intervention sur site dans un d\u00e9lai de trois jours ouvrables<\/p>\n<\/div><\/div><\/div><\/div><\/div>\n","protected":false},"excerpt":{"rendered":"<p><strong>y compris les prestations suivantes :<\/strong><\/p>\n<ul>\n<li>Livraison et installation du syst\u00e8me de d\u00e9tartrage<\/li>\n<li>Mise en service et explication du fonctionnement de l\u2019appareil<\/li>\n<li>Tous les mat\u00e9riaux de raccordement sont inclus dans le prix<\/li>\n<li>1 sac de sel de 25 kg<\/li>\n<li>1 kit de mesure pour le contr\u00f4le de la duret\u00e9 de l\u2019eau<\/li>\n<li>Notice d\u2019utilisation<\/li>\n<li>10 ans de garantie sur l\u2019appareil et le travail effectu\u00e9<\/li>\n<\/ul>\n","protected":false},"featured_media":14483,"template":"","meta":{"_joinchat":[]},"product_brand":[],"product_cat":[4140],"product_tag":[],"class_list":{"0":"post-1654","1":"product","2":"type-product","3":"status-publish","4":"has-post-thumbnail","6":"product_cat-detartrage-de-chauffe-eau","8":"first","9":"instock","10":"taxable","11":"shipping-taxable","12":"purchasable","13":"product-type-simple"},"yoast_head":"<!-- This site is optimized with the Yoast SEO plugin v26.6 - https:\/\/yoast.com\/wordpress\/plugins\/seo\/ -->\n<title>Swisskalk home 15 NextGen - Swisskalk GmbH \/\/ Entkalkungsanlagen<\/title>\n<meta name=\"description\" content=\"Syst\u00e8me de d\u00e9tartrage suisse ultramoderne, \u00e0 commande temporelle et volum\u00e9trique, dot\u00e9 d\u2019une vanne de r\u00e9gulation haute technologie et d\u2019un microprocesseur robuste pour votre habitation.\" \/>\n<meta name=\"robots\" content=\"index, follow, max-snippet:-1, max-image-preview:large, max-video-preview:-1\" \/>\n<link rel=\"canonical\" href=\"https:\/\/www.swisskalk.ch\/fr\/shop\/detartrage-de-chauffe-eau\/home15-fr\/\" \/>\n<meta property=\"og:locale\" content=\"fr_FR\" \/>\n<meta property=\"og:type\" content=\"article\" \/>\n<meta property=\"og:title\" content=\"Swisskalk home 15 NextGen - Swisskalk GmbH \/\/ Entkalkungsanlagen\" \/>\n<meta property=\"og:description\" content=\"Syst\u00e8me de d\u00e9tartrage suisse ultramoderne, \u00e0 commande temporelle et volum\u00e9trique, dot\u00e9 d\u2019une vanne de r\u00e9gulation haute technologie et d\u2019un microprocesseur robuste pour votre habitation.\" \/>\n<meta property=\"og:url\" content=\"https:\/\/www.swisskalk.ch\/fr\/shop\/detartrage-de-chauffe-eau\/home15-fr\/\" \/>\n<meta property=\"og:site_name\" content=\"Swisskalk GmbH \/\/ Entkalkungsanlagen\" \/>\n<meta property=\"article:modified_time\" content=\"2025-11-11T09:19:35+00:00\" \/>\n<meta property=\"og:image\" content=\"https:\/\/www.swisskalk.ch\/wp-content\/uploads\/2025\/09\/Swisskalk-home-nextGen-008.jpg\" \/>\n\t<meta property=\"og:image:width\" content=\"1500\" \/>\n\t<meta property=\"og:image:height\" content=\"1500\" \/>\n\t<meta property=\"og:image:type\" content=\"image\/jpeg\" \/>\n<meta name=\"twitter:card\" content=\"summary_large_image\" \/>\n<meta name=\"twitter:label1\" content=\"Dur\u00e9e de lecture estim\u00e9e\" \/>\n\t<meta name=\"twitter:data1\" content=\"4 minutes\" \/>\n<script type=\"application\/ld+json\" class=\"yoast-schema-graph\">{\"@context\":\"https:\/\/schema.org\",\"@graph\":[{\"@type\":\"WebPage\",\"@id\":\"https:\/\/www.swisskalk.ch\/fr\/shop\/detartrage-de-chauffe-eau\/home15-fr\/\",\"url\":\"https:\/\/www.swisskalk.ch\/fr\/shop\/detartrage-de-chauffe-eau\/home15-fr\/\",\"name\":\"Swisskalk home 15 NextGen - Swisskalk GmbH \/\/ Entkalkungsanlagen\",\"isPartOf\":{\"@id\":\"https:\/\/www.swisskalk.ch\/fr\/#website\"},\"primaryImageOfPage\":{\"@id\":\"https:\/\/www.swisskalk.ch\/fr\/shop\/detartrage-de-chauffe-eau\/home15-fr\/#primaryimage\"},\"image\":{\"@id\":\"https:\/\/www.swisskalk.ch\/fr\/shop\/detartrage-de-chauffe-eau\/home15-fr\/#primaryimage\"},\"thumbnailUrl\":\"https:\/\/www.swisskalk.ch\/wp-content\/uploads\/2025\/09\/Swisskalk-home-nextGen-008.jpg\",\"datePublished\":\"2014-11-12T13:19:00+00:00\",\"dateModified\":\"2025-11-11T09:19:35+00:00\",\"description\":\"Syst\u00e8me de d\u00e9tartrage suisse ultramoderne, \u00e0 commande temporelle et volum\u00e9trique, dot\u00e9 d\u2019une vanne de r\u00e9gulation haute technologie et d\u2019un microprocesseur robuste pour votre habitation.\",\"breadcrumb\":{\"@id\":\"https:\/\/www.swisskalk.ch\/fr\/shop\/detartrage-de-chauffe-eau\/home15-fr\/#breadcrumb\"},\"inLanguage\":\"fr-FR\",\"potentialAction\":[{\"@type\":\"ReadAction\",\"target\":[\"https:\/\/www.swisskalk.ch\/fr\/shop\/detartrage-de-chauffe-eau\/home15-fr\/\"]}]},{\"@type\":\"ImageObject\",\"inLanguage\":\"fr-FR\",\"@id\":\"https:\/\/www.swisskalk.ch\/fr\/shop\/detartrage-de-chauffe-eau\/home15-fr\/#primaryimage\",\"url\":\"https:\/\/www.swisskalk.ch\/wp-content\/uploads\/2025\/09\/Swisskalk-home-nextGen-008.jpg\",\"contentUrl\":\"https:\/\/www.swisskalk.ch\/wp-content\/uploads\/2025\/09\/Swisskalk-home-nextGen-008.jpg\",\"width\":1500,\"height\":1500},{\"@type\":\"BreadcrumbList\",\"@id\":\"https:\/\/www.swisskalk.ch\/fr\/shop\/detartrage-de-chauffe-eau\/home15-fr\/#breadcrumb\",\"itemListElement\":[{\"@type\":\"ListItem\",\"position\":1,\"name\":\"Home\",\"item\":\"https:\/\/www.swisskalk.ch\/fr\/home\/\"},{\"@type\":\"ListItem\",\"position\":2,\"name\":\"Shop\",\"item\":\"https:\/\/www.swisskalk.ch\/shop\/\"},{\"@type\":\"ListItem\",\"position\":3,\"name\":\"Swisskalk home 15 NextGen\"}]},{\"@type\":\"WebSite\",\"@id\":\"https:\/\/www.swisskalk.ch\/fr\/#website\",\"url\":\"https:\/\/www.swisskalk.ch\/fr\/\",\"name\":\"Swisskalk GmbH \/\/ Entkalkungsanlagen\",\"description\":\"F\u00fchlen Sie den Unterschied - Entkalkungsanlage zum Vorzugspreis\",\"potentialAction\":[{\"@type\":\"SearchAction\",\"target\":{\"@type\":\"EntryPoint\",\"urlTemplate\":\"https:\/\/www.swisskalk.ch\/fr\/?s={search_term_string}\"},\"query-input\":{\"@type\":\"PropertyValueSpecification\",\"valueRequired\":true,\"valueName\":\"search_term_string\"}}],\"inLanguage\":\"fr-FR\"}]}<\/script>\n<!-- \/ Yoast SEO plugin. -->","yoast_head_json":{"title":"Swisskalk home 15 NextGen - Swisskalk GmbH \/\/ Entkalkungsanlagen","description":"Syst\u00e8me de d\u00e9tartrage suisse ultramoderne, \u00e0 commande temporelle et volum\u00e9trique, dot\u00e9 d\u2019une vanne de r\u00e9gulation haute technologie et d\u2019un microprocesseur robuste pour votre habitation.","robots":{"index":"index","follow":"follow","max-snippet":"max-snippet:-1","max-image-preview":"max-image-preview:large","max-video-preview":"max-video-preview:-1"},"canonical":"https:\/\/www.swisskalk.ch\/fr\/shop\/detartrage-de-chauffe-eau\/home15-fr\/","og_locale":"fr_FR","og_type":"article","og_title":"Swisskalk home 15 NextGen - Swisskalk GmbH \/\/ Entkalkungsanlagen","og_description":"Syst\u00e8me de d\u00e9tartrage suisse ultramoderne, \u00e0 commande temporelle et volum\u00e9trique, dot\u00e9 d\u2019une vanne de r\u00e9gulation haute technologie et d\u2019un microprocesseur robuste pour votre habitation.","og_url":"https:\/\/www.swisskalk.ch\/fr\/shop\/detartrage-de-chauffe-eau\/home15-fr\/","og_site_name":"Swisskalk GmbH \/\/ Entkalkungsanlagen","article_modified_time":"2025-11-11T09:19:35+00:00","og_image":[{"width":1500,"height":1500,"url":"https:\/\/www.swisskalk.ch\/wp-content\/uploads\/2025\/09\/Swisskalk-home-nextGen-008.jpg","type":"image\/jpeg"}],"twitter_card":"summary_large_image","twitter_misc":{"Dur\u00e9e de lecture estim\u00e9e":"4 minutes"},"schema":{"@context":"https:\/\/schema.org","@graph":[{"@type":"WebPage","@id":"https:\/\/www.swisskalk.ch\/fr\/shop\/detartrage-de-chauffe-eau\/home15-fr\/","url":"https:\/\/www.swisskalk.ch\/fr\/shop\/detartrage-de-chauffe-eau\/home15-fr\/","name":"Swisskalk home 15 NextGen - Swisskalk GmbH \/\/ Entkalkungsanlagen","isPartOf":{"@id":"https:\/\/www.swisskalk.ch\/fr\/#website"},"primaryImageOfPage":{"@id":"https:\/\/www.swisskalk.ch\/fr\/shop\/detartrage-de-chauffe-eau\/home15-fr\/#primaryimage"},"image":{"@id":"https:\/\/www.swisskalk.ch\/fr\/shop\/detartrage-de-chauffe-eau\/home15-fr\/#primaryimage"},"thumbnailUrl":"https:\/\/www.swisskalk.ch\/wp-content\/uploads\/2025\/09\/Swisskalk-home-nextGen-008.jpg","datePublished":"2014-11-12T13:19:00+00:00","dateModified":"2025-11-11T09:19:35+00:00","description":"Syst\u00e8me de d\u00e9tartrage suisse ultramoderne, \u00e0 commande temporelle et volum\u00e9trique, dot\u00e9 d\u2019une vanne de r\u00e9gulation haute technologie et d\u2019un microprocesseur robuste pour votre habitation.","breadcrumb":{"@id":"https:\/\/www.swisskalk.ch\/fr\/shop\/detartrage-de-chauffe-eau\/home15-fr\/#breadcrumb"},"inLanguage":"fr-FR","potentialAction":[{"@type":"ReadAction","target":["https:\/\/www.swisskalk.ch\/fr\/shop\/detartrage-de-chauffe-eau\/home15-fr\/"]}]},{"@type":"ImageObject","inLanguage":"fr-FR","@id":"https:\/\/www.swisskalk.ch\/fr\/shop\/detartrage-de-chauffe-eau\/home15-fr\/#primaryimage","url":"https:\/\/www.swisskalk.ch\/wp-content\/uploads\/2025\/09\/Swisskalk-home-nextGen-008.jpg","contentUrl":"https:\/\/www.swisskalk.ch\/wp-content\/uploads\/2025\/09\/Swisskalk-home-nextGen-008.jpg","width":1500,"height":1500},{"@type":"BreadcrumbList","@id":"https:\/\/www.swisskalk.ch\/fr\/shop\/detartrage-de-chauffe-eau\/home15-fr\/#breadcrumb","itemListElement":[{"@type":"ListItem","position":1,"name":"Home","item":"https:\/\/www.swisskalk.ch\/fr\/home\/"},{"@type":"ListItem","position":2,"name":"Shop","item":"https:\/\/www.swisskalk.ch\/shop\/"},{"@type":"ListItem","position":3,"name":"Swisskalk home 15 NextGen"}]},{"@type":"WebSite","@id":"https:\/\/www.swisskalk.ch\/fr\/#website","url":"https:\/\/www.swisskalk.ch\/fr\/","name":"Swisskalk GmbH \/\/ Entkalkungsanlagen","description":"F\u00fchlen Sie den Unterschied - Entkalkungsanlage zum Vorzugspreis","potentialAction":[{"@type":"SearchAction","target":{"@type":"EntryPoint","urlTemplate":"https:\/\/www.swisskalk.ch\/fr\/?s={search_term_string}"},"query-input":{"@type":"PropertyValueSpecification","valueRequired":true,"valueName":"search_term_string"}}],"inLanguage":"fr-FR"}]}},"_links":{"self":[{"href":"https:\/\/www.swisskalk.ch\/fr\/wp-json\/wp\/v2\/product\/1654","targetHints":{"allow":["GET"]}}],"collection":[{"href":"https:\/\/www.swisskalk.ch\/fr\/wp-json\/wp\/v2\/product"}],"about":[{"href":"https:\/\/www.swisskalk.ch\/fr\/wp-json\/wp\/v2\/types\/product"}],"wp:featuredmedia":[{"embeddable":true,"href":"https:\/\/www.swisskalk.ch\/fr\/wp-json\/wp\/v2\/media\/14483"}],"wp:attachment":[{"href":"https:\/\/www.swisskalk.ch\/fr\/wp-json\/wp\/v2\/media?parent=1654"}],"wp:term":[{"taxonomy":"product_brand","embeddable":true,"href":"https:\/\/www.swisskalk.ch\/fr\/wp-json\/wp\/v2\/product_brand?post=1654"},{"taxonomy":"product_cat","embeddable":true,"href":"https:\/\/www.swisskalk.ch\/fr\/wp-json\/wp\/v2\/product_cat?post=1654"},{"taxonomy":"product_tag","embeddable":true,"href":"https:\/\/www.swisskalk.ch\/fr\/wp-json\/wp\/v2\/product_tag?post=1654"}],"curies":[{"name":"wp","href":"https:\/\/api.w.org\/{rel}","templated":true}]}}