{"id":15626,"date":"2025-11-04T08:37:05","date_gmt":"2025-11-04T07:37:05","guid":{"rendered":"https:\/\/stage-swisskalk.ch\/protezione-dei-dati\/"},"modified":"2025-11-04T08:37:06","modified_gmt":"2025-11-04T07:37:06","slug":"protezione-dei-dati","status":"publish","type":"page","link":"https:\/\/www.swisskalk.ch\/it\/protezione-dei-dati\/","title":{"rendered":"Protezione dei dati"},"content":{"rendered":"<div class=\"fusion-fullwidth fullwidth-box fusion-builder-row-1 fusion-flex-container has-pattern-background has-mask-background nonhundred-percent-fullwidth non-hundred-percent-height-scrolling\" style=\"--awb-background-position:right bottom;--awb-background-blend-mode:color-dodge;--awb-background-blend-mode-small:none;--awb-border-radius-top-left:0px;--awb-border-radius-top-right:0px;--awb-border-radius-bottom-right:0px;--awb-border-radius-bottom-left:0px;--awb-padding-bottom-small:0px;--awb-background-color:rgba(255,255,255,0);--awb-background-size:;--awb-flex-wrap:wrap;\" ><div class=\"fusion-builder-row fusion-row fusion-flex-align-items-center fusion-flex-align-content-flex-end fusion-flex-content-wrap\" style=\"max-width:1664px;margin-left: calc(-4% \/ 2 );margin-right: calc(-4% \/ 2 );\"><div class=\"fusion-layout-column fusion_builder_column fusion-builder-column-0 fusion_builder_column_3_4 3_4 fusion-flex-column fusion-flex-align-self-flex-start\" style=\"--awb-bg-size:cover;--awb-width-large:75%;--awb-margin-top-large:0px;--awb-spacing-right-large:2.56%;--awb-margin-bottom-large:20px;--awb-spacing-left-large:2.56%;--awb-width-medium:100%;--awb-order-medium:0;--awb-spacing-right-medium:1.92%;--awb-spacing-left-medium:1.92%;--awb-width-small:100%;--awb-order-small:0;--awb-spacing-right-small:1.92%;--awb-spacing-left-small:1.92%;\" data-scroll-devices=\"small-visibility,medium-visibility,large-visibility\"><div class=\"fusion-column-wrapper fusion-column-has-shadow fusion-flex-justify-content-center fusion-content-layout-column\"><div class=\"fusion-title title fusion-title-1 fusion-sep-none fusion-title-text fusion-title-size-one\"><h1 class=\"fusion-title-heading title-heading-left fusion-responsive-typography-calculated\" style=\"margin:0;--fontSize:57.6;line-height:1.3;\">Protezione dei dati<\/h1><\/div><div class=\"fusion-title title fusion-title-2 fusion-sep-none fusion-title-text fusion-title-size-two\" style=\"--awb-text-color:var(--awb-color8);\"><h2 class=\"fusion-title-heading title-heading-left fusion-responsive-typography-calculated\" style=\"margin:0;--fontSize:45;line-height:1.3;\">Chi siamo<\/h2><\/div><div class=\"fusion-text fusion-text-1 fusion-text-no-margin\" style=\"--awb-text-color:var(--awb-color8);--awb-margin-bottom:5%;\"><p>Il proprietario e gestore di questo sito web \u00e8 Swisskalk GmbH.<\/p>\n<p><strong>Sede legale della societ\u00e0<\/strong><br \/>Swisskalk GmbH<br \/>Brunnackerweg 4<br \/>4553 Subingen<br \/>Svizzera<\/p>\n<p><strong>Filiale<\/strong><br \/>Swisskalk GmbH<br \/>Stettbachstrasse 6<br \/>8600 D\u00fcbendorf<br \/>Svizzera<\/p>\n<p><strong>Registro di commercio<\/strong><br \/>Cantone di Soletta<br \/>CHE-109.590.896<\/p>\n<p>Cantone di Zurigo<br \/>CHE-477.654.078<\/p>\n<p><strong>Numero IVA<\/strong><br \/>CHE-109.590.896<\/p>\n<p><strong>Direttore<\/strong><br \/>Martin J\u00e4ggi<\/p>\n<\/div><div class=\"fusion-title title fusion-title-3 fusion-sep-none fusion-title-text fusion-title-size-two\" style=\"--awb-text-color:var(--awb-color8);\"><h2 class=\"fusion-title-heading title-heading-left fusion-responsive-typography-calculated\" style=\"margin:0;--fontSize:45;line-height:1.3;\">Come proteggiamo i vostri dati<\/h2><\/div><div class=\"fusion-text fusion-text-2 fusion-text-no-margin\" style=\"--awb-text-color:var(--awb-color8);--awb-margin-bottom:5%;\"><p>In base all\u2019articolo 13 della Costituzione federale svizzera e alle disposizioni della legge federale sulla protezione dei dati (LPD), ogni persona ha diritto alla tutela della propria sfera privata e alla protezione contro l\u2019abuso dei propri dati personali.<br \/>Noi rispettiamo rigorosamente queste disposizioni. I dati personali vengono trattati in modo strettamente confidenziale e non vengono n\u00e9 venduti n\u00e9 trasmessi a terzi.<\/p>\n<p>In stretta collaborazione con i nostri provider di hosting, ci impegniamo a proteggere le banche dati da accessi non autorizzati, perdite, abusi o falsificazioni nel miglior modo possibile.<\/p>\n<p>Quando si accede al nostro sito web, i seguenti dati vengono memorizzati nei file di log: indirizzo IP, data, ora, richiesta del browser e informazioni generali sul sistema operativo o sul browser. Questi dati di utilizzo costituiscono la base per analisi statistiche anonime, che ci permettono di identificare tendenze e migliorare di conseguenza le nostre offerte.<\/p>\n<\/div><div class=\"fusion-title title fusion-title-4 fusion-sep-none fusion-title-text fusion-title-size-two\" style=\"--awb-text-color:var(--awb-color8);\"><h2 class=\"fusion-title-heading title-heading-left fusion-responsive-typography-calculated\" style=\"margin:0;--fontSize:45;line-height:1.3;\">Quali dati personali raccogliamo e perch\u00e9 li raccogliamo<\/h2><\/div><div class=\"fusion-text fusion-text-3 fusion-text-no-margin\" style=\"--awb-text-color:var(--awb-color8);--awb-margin-bottom:5%;\"><p><strong>Moduli di contatto<\/strong><br \/>Quando compilate un modulo sul nostro sito web, ci\u00f2 pu\u00f2 costituire un consenso alla memorizzazione dei vostri dati di contatto. Si tratta di una funzione di comodit\u00e0 che evita di dover reinserire i dati ogni volta che compilate un nuovo modulo. Questi cookie vengono conservati per un anno.<\/p>\n<\/div><div class=\"fusion-title title fusion-title-5 fusion-sep-none fusion-title-text fusion-title-size-two\" style=\"--awb-text-color:var(--awb-color8);\"><h2 class=\"fusion-title-heading title-heading-left fusion-responsive-typography-calculated\" style=\"margin:0;--fontSize:45;line-height:1.3;\">Cookies<\/h2><\/div><div class=\"fusion-text fusion-text-4 fusion-text-no-margin\" style=\"--awb-text-color:var(--awb-color8);--awb-margin-bottom:5%;\"><p>Se scrivete un commento sul nostro sito web, potete acconsentire alla memorizzazione del vostro nome, indirizzo e-mail e sito web nei cookie. Si tratta di una funzione di comodit\u00e0 che evita di dover reinserire tali dati quando lasciate un altro commento. Questi cookie vengono conservati per un anno.<\/p>\n<p>Se avete un account e accedete a questo sito, verr\u00e0 impostato un cookie temporaneo per verificare se il vostro browser accetta i cookie. Questo cookie non contiene dati personali e viene eliminato alla chiusura del browser.<\/p>\n<p>Quando effettuate l\u2019accesso, verranno impostati alcuni cookie per salvare le vostre informazioni di accesso e le preferenze di visualizzazione. I cookie di accesso scadono dopo due giorni, mentre quelli per le impostazioni di visualizzazione dopo un anno. Se selezionate \u201cRimani connesso\u201d al momento dell\u2019accesso, la sessione rimarr\u00e0 attiva per due settimane. Disconnettendovi dal vostro account, i cookie di accesso verranno eliminati.<\/p>\n<\/div><div class=\"fusion-title title fusion-title-6 fusion-sep-none fusion-title-text fusion-title-size-two\" style=\"--awb-text-color:var(--awb-color8);\"><h2 class=\"fusion-title-heading title-heading-left fusion-responsive-typography-calculated\" style=\"margin:0;--fontSize:45;line-height:1.3;\">Contenuti incorporati da altri siti web<\/h2><\/div><div class=\"fusion-text fusion-text-5 fusion-text-no-margin\" style=\"--awb-text-color:var(--awb-color8);--awb-margin-bottom:5%;\"><p>I contenuti presenti su questo sito possono includere elementi incorporati (ad esempio video, immagini, articoli, ecc.). I contenuti incorporati da altri siti web si comportano esattamente come se il visitatore avesse visitato direttamente l\u2019altro sito.<\/p>\n<p>Questi siti web possono raccogliere dati su di voi, utilizzare cookie, incorporare servizi di tracciamento di terze parti e registrare le vostre interazioni con i contenuti incorporati, comprese quelle effettuate se disponete di un account e siete connessi a questo sito.<\/p>\n<\/div><div class=\"fusion-title title fusion-title-7 fusion-sep-none fusion-title-text fusion-title-size-two\" style=\"--awb-text-color:var(--awb-color8);\"><h2 class=\"fusion-title-heading title-heading-left fusion-responsive-typography-calculated\" style=\"margin:0;--fontSize:45;line-height:1.3;\">Informativa sulla privacy per l\u2019utilizzo di Google Analytics<\/h2><\/div><div class=\"fusion-text fusion-text-6 fusion-text-no-margin\" style=\"--awb-text-color:var(--awb-color8);--awb-margin-bottom:5%;\"><p>La nostra offerta online utilizza Google Analytics, un servizio di analisi web fornito da Google Ireland Ltd. (\u201cGoogle\u201d). Google utilizza cookie che consentono di analizzare l\u2019utilizzo del nostro sito web da parte degli utenti. Le informazioni generate dai cookie sull\u2019uso del sito vengono generalmente trasmesse a un server di Google negli Stati Uniti e l\u00ec memorizzate.<br \/>Grazie all\u2019attivazione dell\u2019anonimizzazione IP sul nostro sito, l\u2019indirizzo IP degli utenti viene per\u00f2 abbreviato da Google all\u2019interno degli Stati membri dell\u2019Unione Europea o in altri Stati aderenti all\u2019Accordo sullo Spazio Economico Europeo. Solo in casi eccezionali l\u2019indirizzo IP completo viene trasmesso a un server di Google negli Stati Uniti e abbreviato l\u00ec. Su nostro incarico, Google utilizza queste informazioni per analizzare l\u2019utilizzo del sito, redigere report sulle attivit\u00e0 del sito e fornire altri servizi legati all\u2019uso del sito e di Internet.<\/p>\n<p>L\u2019indirizzo IP trasmesso dal vostro browser nell\u2019ambito di Google Analytics non viene associato ad altri dati di Google.<\/p>\n<p>Potete impedire la memorizzazione dei cookie configurando opportunamente il vostro browser; tuttavia, vi informiamo che in tal caso potreste non essere in grado di utilizzare appieno tutte le funzioni del nostro sito. Inoltre, potete impedire la raccolta dei dati generati dai cookie relativi all\u2019utilizzo del sito (incluso l\u2019indirizzo IP) e la loro elaborazione da parte di Google scaricando e installando il plug-in per il browser disponibile al seguente link: (https:\/\/tools.google.com\/dlpage\/gaoptout\/).<\/p>\n<p>In questo modo verr\u00e0 impostato un cookie di opt-out che impedir\u00e0 la futura raccolta dei vostri dati durante la visita del nostro sito. Si prega di notare che, se vengono cancellati tutti i cookie dal dispositivo, anche il cookie di opt-out verr\u00e0 eliminato; in tal caso, se desiderate continuare a opporvi alla raccolta dei dati, dovrete impostare nuovamente l\u2019opt-out tramite il plug-in sopra indicato. Il cookie di opt-out viene impostato per dominio, browser e dispositivo, e impedisce la raccolta dei dati solo per questo sito.<\/p>\n<p>Questo sito utilizza Google Analytics con l\u2019estensione \u201c_anonymizeIp()\u201d, grazie alla quale gli indirizzi IP vengono trattati in forma abbreviata, escludendo qualsiasi possibilit\u00e0 di identificazione personale. Qualora i dati raccolti dovessero contenere un riferimento a una persona, questo viene immediatamente eliminato.<\/p>\n<p>Utilizziamo Google Analytics per analizzare e migliorare regolarmente l\u2019utilizzo del nostro sito web. Le statistiche ottenute ci consentono di migliorare la nostra offerta e renderla pi\u00f9 interessante per i nostri utenti. Per i casi eccezionali in cui i dati personali vengano trasferiti negli Stati Uniti, Google LLC aderisce al programma EU-US Privacy Shield (https:\/\/www.privacyshield.gov\/EU-US-Framework).<\/p>\n<p>Basi giuridiche per l\u2019uso di Google Analytics sono l\u2019art. 6, par. 1, lett. a e f del GDPR.<\/p>\n<p>Informazioni sul fornitore terzo:<br \/>Google Dublin, Google Ireland Ltd., Gordon House, Barrow Street, Dublin 4, Irlanda, Fax: +353 (1) 436\u20091001.<br \/>Consultare anche i termini di utilizzo (https:\/\/www.google.com\/analytics\/terms\/de.html), la panoramica sulla protezione dei dati (https:\/\/support.google.com\/analytics\/answer\/6004245?hl=de) e l\u2019informativa sulla privacy di Google: (https:\/\/policies.google.com\/privacy?hl=de).<\/p>\n<\/div><div class=\"fusion-title title fusion-title-8 fusion-sep-none fusion-title-text fusion-title-size-two\" style=\"--awb-text-color:var(--awb-color8);\"><h2 class=\"fusion-title-heading title-heading-left fusion-responsive-typography-calculated\" style=\"margin:0;--fontSize:45;line-height:1.3;\">Per quanto tempo conserviamo i vostri dati<\/h2><\/div><div class=\"fusion-text fusion-text-7 fusion-text-no-margin\" style=\"--awb-text-color:var(--awb-color8);--awb-margin-bottom:5%;\"><p>Quando compilate un modulo, il suo contenuto, inclusi i metadati, viene conservato a tempo indeterminato.<\/p>\n<p>Per gli utenti che si registrano sul nostro sito web, memorizziamo inoltre le informazioni personali fornite nei rispettivi profili utente. Tutti gli utenti possono in qualsiasi momento visualizzare, modificare o eliminare i propri dati personali (ad eccezione del nome utente, che non pu\u00f2 essere modificato). Gli amministratori del sito possono anch\u2019essi visualizzare e modificare queste informazioni.<\/p>\n<\/div><div class=\"fusion-title title fusion-title-9 fusion-sep-none fusion-title-text fusion-title-size-two\" style=\"--awb-text-color:var(--awb-color8);\"><h2 class=\"fusion-title-heading title-heading-left fusion-responsive-typography-calculated\" style=\"margin:0;--fontSize:45;line-height:1.3;\">Quali diritti avete sui vostri dati<\/h2><\/div><div class=\"fusion-text fusion-text-8 fusion-text-no-margin\" style=\"--awb-text-color:var(--awb-color8);--awb-margin-bottom:5%;\"><p>Se avete un account su questo sito web o avete lasciato commenti, potete richiedere un\u2019esportazione dei vostri dati personali, inclusi tutti i dati che ci avete fornito. Inoltre, potete richiedere la cancellazione di tutti i dati personali che conserviamo su di voi. Ci\u00f2 non include i dati che siamo tenuti a conservare per motivi amministrativi, legali o di sicurezza.<\/p>\n<p>Durante la vostra visita al nostro sito, raccogliamo:<\/p>\n<p>* Prodotti che avete visualizzato: ad esempio, mostriamo i prodotti che avete recentemente consultato.<br \/>* Posizione, indirizzo IP e tipo di browser: utilizziamo queste informazioni per stimare tasse e costi di spedizione.<br \/>* Indirizzo di consegna: vi chiediamo di fornirlo per calcolare i costi di spedizione prima dell\u2019ordine e per poter effettuare la consegna.<\/p>\n<p>Utilizziamo anche i cookie per tenere traccia del contenuto del carrello mentre visitate il nostro sito.<\/p>\n<p>Quando acquistate presso di noi, vi chiediamo di fornire nome, indirizzo di fatturazione, indirizzo di consegna, e-mail, numero di telefono, dati di pagamento (ad es. carta di credito) e, facoltativamente, informazioni per l\u2019account come nome utente e password. Utilizziamo queste informazioni per i seguenti scopi:<\/p>\n<p>\u2013 Inviarvi informazioni relative al vostro account e al vostro ordine<br \/>\u2013 Rispondere alle vostre richieste, inclusi rimborsi e reclami<br \/>\u2013 Gestire i pagamenti e prevenire le frodi<br \/>\u2013 Creare il vostro account nel nostro negozio<br \/>\u2013 Soddisfare obblighi legali, ad esempio per il calcolo delle imposte<br \/>\u2013 Migliorare la nostra offerta commerciale<br \/>\u2013 Inviarvi messaggi di marketing, se avete acconsentito a riceverli<\/p>\n<p>Se create un account, memorizziamo il vostro nome, indirizzo, e-mail e numero di telefono, in modo che la procedura di acquisto per futuri ordini sia pi\u00f9 rapida.<\/p>\n<p>In generale, conserviamo le vostre informazioni per tutto il tempo necessario ai fini per cui sono state raccolte e utilizzate, salvo diversi obblighi di legge. Ad esempio, conserviamo i dati relativi agli ordini per un anno per motivi fiscali e contabili. Ci\u00f2 include nome, indirizzo e-mail, indirizzi di fatturazione e di consegna.<\/p>\n<p>Conserviamo inoltre commenti o recensioni se decidete di lasciarli.<\/p>\n<\/div><\/div><\/div><\/div><\/div>\n","protected":false},"excerpt":{"rendered":"","protected":false},"author":1,"featured_media":0,"parent":0,"menu_order":0,"comment_status":"closed","ping_status":"closed","template":"100-width.php","meta":{"_joinchat":[],"footnotes":""},"class_list":["post-15626","page","type-page","status-publish","hentry"],"yoast_head":"<!-- This site is optimized with the Yoast SEO plugin v26.6 - https:\/\/yoast.com\/wordpress\/plugins\/seo\/ -->\n<title>Protezione dei dati - Swisskalk GmbH \/\/ Entkalkungsanlagen<\/title>\n<meta name=\"robots\" content=\"index, follow, max-snippet:-1, max-image-preview:large, max-video-preview:-1\" \/>\n<link rel=\"canonical\" href=\"https:\/\/www.swisskalk.ch\/it\/protezione-dei-dati\/\" \/>\n<meta property=\"og:locale\" content=\"it_IT\" \/>\n<meta property=\"og:type\" content=\"article\" \/>\n<meta property=\"og:title\" content=\"Protezione dei dati - Swisskalk GmbH \/\/ Entkalkungsanlagen\" \/>\n<meta property=\"og:url\" content=\"https:\/\/www.swisskalk.ch\/it\/protezione-dei-dati\/\" \/>\n<meta property=\"og:site_name\" content=\"Swisskalk GmbH \/\/ Entkalkungsanlagen\" \/>\n<meta property=\"article:modified_time\" content=\"2025-11-04T07:37:06+00:00\" \/>\n<meta name=\"twitter:card\" content=\"summary_large_image\" \/>\n<meta name=\"twitter:label1\" content=\"Tempo di lettura stimato\" \/>\n\t<meta name=\"twitter:data1\" content=\"17 minutes\" \/>\n<script type=\"application\/ld+json\" class=\"yoast-schema-graph\">{\"@context\":\"https:\/\/schema.org\",\"@graph\":[{\"@type\":\"WebPage\",\"@id\":\"https:\/\/www.swisskalk.ch\/it\/protezione-dei-dati\/\",\"url\":\"https:\/\/www.swisskalk.ch\/it\/protezione-dei-dati\/\",\"name\":\"Protezione dei dati - Swisskalk GmbH \/\/ Entkalkungsanlagen\",\"isPartOf\":{\"@id\":\"https:\/\/www.swisskalk.ch\/it\/#website\"},\"datePublished\":\"2025-11-04T07:37:05+00:00\",\"dateModified\":\"2025-11-04T07:37:06+00:00\",\"breadcrumb\":{\"@id\":\"https:\/\/www.swisskalk.ch\/it\/protezione-dei-dati\/#breadcrumb\"},\"inLanguage\":\"it-IT\",\"potentialAction\":[{\"@type\":\"ReadAction\",\"target\":[\"https:\/\/www.swisskalk.ch\/it\/protezione-dei-dati\/\"]}]},{\"@type\":\"BreadcrumbList\",\"@id\":\"https:\/\/www.swisskalk.ch\/it\/protezione-dei-dati\/#breadcrumb\",\"itemListElement\":[{\"@type\":\"ListItem\",\"position\":1,\"name\":\"Home\",\"item\":\"https:\/\/www.swisskalk.ch\/it\/home\/\"},{\"@type\":\"ListItem\",\"position\":2,\"name\":\"Protezione dei dati\"}]},{\"@type\":\"WebSite\",\"@id\":\"https:\/\/www.swisskalk.ch\/it\/#website\",\"url\":\"https:\/\/www.swisskalk.ch\/it\/\",\"name\":\"Swisskalk GmbH \/\/ Entkalkungsanlagen\",\"description\":\"F\u00fchlen Sie den Unterschied - Entkalkungsanlage zum Vorzugspreis\",\"potentialAction\":[{\"@type\":\"SearchAction\",\"target\":{\"@type\":\"EntryPoint\",\"urlTemplate\":\"https:\/\/www.swisskalk.ch\/it\/?s={search_term_string}\"},\"query-input\":{\"@type\":\"PropertyValueSpecification\",\"valueRequired\":true,\"valueName\":\"search_term_string\"}}],\"inLanguage\":\"it-IT\"}]}<\/script>\n<!-- \/ Yoast SEO plugin. -->","yoast_head_json":{"title":"Protezione dei dati - Swisskalk GmbH \/\/ Entkalkungsanlagen","robots":{"index":"index","follow":"follow","max-snippet":"max-snippet:-1","max-image-preview":"max-image-preview:large","max-video-preview":"max-video-preview:-1"},"canonical":"https:\/\/www.swisskalk.ch\/it\/protezione-dei-dati\/","og_locale":"it_IT","og_type":"article","og_title":"Protezione dei dati - Swisskalk GmbH \/\/ Entkalkungsanlagen","og_url":"https:\/\/www.swisskalk.ch\/it\/protezione-dei-dati\/","og_site_name":"Swisskalk GmbH \/\/ Entkalkungsanlagen","article_modified_time":"2025-11-04T07:37:06+00:00","twitter_card":"summary_large_image","twitter_misc":{"Tempo di lettura stimato":"17 minutes"},"schema":{"@context":"https:\/\/schema.org","@graph":[{"@type":"WebPage","@id":"https:\/\/www.swisskalk.ch\/it\/protezione-dei-dati\/","url":"https:\/\/www.swisskalk.ch\/it\/protezione-dei-dati\/","name":"Protezione dei dati - Swisskalk GmbH \/\/ Entkalkungsanlagen","isPartOf":{"@id":"https:\/\/www.swisskalk.ch\/it\/#website"},"datePublished":"2025-11-04T07:37:05+00:00","dateModified":"2025-11-04T07:37:06+00:00","breadcrumb":{"@id":"https:\/\/www.swisskalk.ch\/it\/protezione-dei-dati\/#breadcrumb"},"inLanguage":"it-IT","potentialAction":[{"@type":"ReadAction","target":["https:\/\/www.swisskalk.ch\/it\/protezione-dei-dati\/"]}]},{"@type":"BreadcrumbList","@id":"https:\/\/www.swisskalk.ch\/it\/protezione-dei-dati\/#breadcrumb","itemListElement":[{"@type":"ListItem","position":1,"name":"Home","item":"https:\/\/www.swisskalk.ch\/it\/home\/"},{"@type":"ListItem","position":2,"name":"Protezione dei dati"}]},{"@type":"WebSite","@id":"https:\/\/www.swisskalk.ch\/it\/#website","url":"https:\/\/www.swisskalk.ch\/it\/","name":"Swisskalk GmbH \/\/ Entkalkungsanlagen","description":"F\u00fchlen Sie den Unterschied - Entkalkungsanlage zum Vorzugspreis","potentialAction":[{"@type":"SearchAction","target":{"@type":"EntryPoint","urlTemplate":"https:\/\/www.swisskalk.ch\/it\/?s={search_term_string}"},"query-input":{"@type":"PropertyValueSpecification","valueRequired":true,"valueName":"search_term_string"}}],"inLanguage":"it-IT"}]}},"_links":{"self":[{"href":"https:\/\/www.swisskalk.ch\/it\/wp-json\/wp\/v2\/pages\/15626","targetHints":{"allow":["GET"]}}],"collection":[{"href":"https:\/\/www.swisskalk.ch\/it\/wp-json\/wp\/v2\/pages"}],"about":[{"href":"https:\/\/www.swisskalk.ch\/it\/wp-json\/wp\/v2\/types\/page"}],"author":[{"embeddable":true,"href":"https:\/\/www.swisskalk.ch\/it\/wp-json\/wp\/v2\/users\/1"}],"replies":[{"embeddable":true,"href":"https:\/\/www.swisskalk.ch\/it\/wp-json\/wp\/v2\/comments?post=15626"}],"version-history":[{"count":0,"href":"https:\/\/www.swisskalk.ch\/it\/wp-json\/wp\/v2\/pages\/15626\/revisions"}],"wp:attachment":[{"href":"https:\/\/www.swisskalk.ch\/it\/wp-json\/wp\/v2\/media?parent=15626"}],"curies":[{"name":"wp","href":"https:\/\/api.w.org\/{rel}","templated":true}]}}