{"id":501,"date":"2014-09-25T11:03:44","date_gmt":"2014-09-25T09:03:44","guid":{"rendered":"http:\/\/swisskalk.kreativloft.ch\/jeder-brunnen-zaehlt-2\/"},"modified":"2017-03-13T17:58:06","modified_gmt":"2017-03-13T15:58:06","slug":"ogni-fontana-e-utile","status":"publish","type":"page","link":"https:\/\/www.swisskalk.ch\/it\/ogni-fontana-e-utile\/","title":{"rendered":"Ogni fontana \u00e8 utile"},"content":{"rendered":"<h1>Ogni fontana \u00e8 utile &#8211; ogni impianto Swisskalk conta!<\/h1>\n<p><strong>Blog \u2013 Swisskalk in Camerun 2014<\/strong><\/p>\n<p><strong>Giorno 1<\/strong><\/p>\n<p>Cari clienti Swisskalk<\/p>\n<p>Noi della Swisskalk siamo un&#8217;azienda leader nel settore dell&#8217;acqua da quasi 15 anni ed ora abbiamo dato vita ad una nuova azione di donazione. Non tutti gli abitanti di questo pianeta hanno accesso quotidiano all&#8217;acqua potabile. Viceversa noi dell&#8217;Europa centrale consumiamo circa 140 litri di acqua al giorno (secondo diversi studi). Gli abitanti dell&#8217;Africa occidentale devono accontentarsi di un decimo di questa quantit\u00e0 e per farlo devono coprire tragitti lunghi chilometri.<\/p>\n<p>\u00abOgni fontana \u00e8 utile \u2013 ogni impianto Swisskalk conta\u00bb dovr\u00e0 diventare il nostro motto.<\/p>\n<p>Al momento siamo diretti in Camerun (Africa) per creare la nostra 1\u00b0 fontana. Abbiamo donato la nostra prima fontana e da subito in Africa verr\u00e0 installata per le popolazioni africane una nuova fontana per ogni 150 impianti Swisskalk ordinati secondo il motto \u00abOgni fontana \u00e8 utile \u2013 ogni impianto Swisskalk conta. Riceverete i nostri impianti di decalcificazione ai soliti prezzi e alle solite condizioni: tuttavia doneremo una parte dei ricavi di vendita alle popolazioni bisognose.<\/p>\n<p>&nbsp;<\/p>\n<p>[print_gllr id=308]<\/p>\n<p><strong>Giorno 2 &#8211; Arrivo in Camerun \/ Presentazione direttore del progetto<\/strong><\/p>\n<p>Dopo una lunga ricerca abbiamo trovato un&#8217;organizzazione eccezionale. Con questa organizzazione porteremo a termine questa e le successive installazioni di fontane. La fondazione St. Martin di Baar \u00e8 impegnata nel settore della costruzione fontane\/progetti gi\u00e0 dal 1992 e ha accumulato una vasta esperienza grazie all&#8217;installazione di 1500 fontane.<br \/>\nPeter Rey, Direttore del progetto per l&#8217;acqua potabile \u00abL&#8217;acqua \u00e8 vita\u00bb o PEP, come viene denominato in Camerun, e il suo team ci hanno supportati in tutti i modi e hanno disposto numerosi preparativi.<\/p>\n<p><strong>Colloquio con Peter Rey<\/strong><\/p>\n<p><strong>Domanda 1<\/strong>: Perch\u00e9 questa fontana sar\u00e0 installata a Ot\u00e9l\u00e9, secondo quali criteri avete selezionato le ubicazioni?<br \/>\n<em>Risposta: Perch\u00e9 al momento non \u00e8 disponibile acqua potabile pulita e gli abitanti camminano un giorno per raggiungere la sorgente d&#8217;acqua pi\u00f9 vicina. I villaggi che desiderano una fontana devono venire da noi attivamente.\u00a0 Verificheremo quindi se il villaggio \u00e8 conforme alle nostre regole o meno.<\/em><\/p>\n<p><strong>Domanda 2:<\/strong> Quanto dura la costruzione di una fontana?<br \/>\n<em>Risposta: La costruzione di una fontana Swisskalk \u00e8 durata solo 2 settimane. Questa costruzione \u00e8 stata relativamente semplice e ben riuscita, pertanto \u00e8 stato possibile completare rapidamente la fontana. La fontana \u00e8 profonda 25 m ed eroga 800 litri di acqua l&#8217;ora<\/em>.<\/p>\n<p><strong>Domanda 3<\/strong>: Quante persone\/famiglie avranno accesso immediato a questa fontana?<br \/>\n<em>Risposta: Circa 300 persone.<\/em><\/p>\n<p><strong>Parole conclusive:<\/strong><br \/>\nSiamo felici di poter dare una grande festa il prossimo anno per la costruzione della 1.500\u00b0 fontana. Desideriamo poter continuare ad aiutare la gente del Camerun con l&#8217;acqua potabile pulita anche in futuro. Ringraziamo le donatrici e i donatori per il sostegno. Senza di essi la costruzione e la gestione delle fontane di acqua potabile non sarebbe stata possibile.<\/p>\n<p><em>\u00a0<\/em><\/p>\n<p><strong>Giorno 3 &#8211; Viaggio verso l&#8217;ubicazione \/ messa in funzione fontana<\/strong><\/p>\n<p>Oggi siamo diretti per la 1\u00b0 volta sul posto e metteremo in funzione la fontana appena realizzata con i collaboratori del progetto Eau Portable (PEP).<\/p>\n<p>Per potere garantire anche il trasporto dell&#8217;acqua potabile ora accessibile, abbiamo fatto costruire una tanica per ogni casa. Anche i bambini meritano una piccola soddisfazione e pertanto io e miei colleghi abbiamo portato la cioccolata del nostro Paese.<br \/>\n[print_gllr id=338]<\/p>\n<p><strong>Giorno 4 &#8211; Viaggio di ritorno e discorso conclusivo<\/strong><\/p>\n<p>Cos\u00ec la nostra prima pietra miliare nel progetto di fontane \u00abOgni fontana \u00e8 utile \u2013 ogni impianto Swisskalk conta\u00bb giunge al termine con successo. Siamo nel viaggio di ritorno in modo da essere a disposizione dei nostri clienti con consigli e interventi per il trattamento dell&#8217;acqua. In valigia ci sono ricordi straordinari ed emozionanti. Ora contiamo anche sul vostro aiuto, affinch\u00e9 a breve possa essere realizzata la prossima fontana e altre migliaia di persone possano sfruttare il bene pi\u00f9 prezioso della vita quotidiana.<\/p>\n","protected":false},"excerpt":{"rendered":"<p>Ogni fontana \u00e8 utile &#8211; ogni impianto Swisskalk conta! Blog \u2013 Swisskalk in Camerun 2014 Giorno 1 Cari clienti Swisskalk Noi della Swisskalk siamo un&#8217;azienda leader nel settore dell&#8217;acqua da quasi 15 anni ed ora abbiamo dato vita ad una nuova azione di donazione. Non tutti gli abitanti di questo pianeta hanno accesso quotidiano all&#8217;acqua  [&#8230;]<\/p>\n","protected":false},"author":1,"featured_media":0,"parent":0,"menu_order":90,"comment_status":"closed","ping_status":"closed","template":"100-width.php","meta":{"_joinchat":[],"footnotes":""},"class_list":["post-501","page","type-page","status-publish","hentry"],"yoast_head":"<!-- This site is optimized with the Yoast SEO plugin v26.6 - https:\/\/yoast.com\/wordpress\/plugins\/seo\/ -->\n<title>Ogni fontana \u00e8 utile - Swisskalk GmbH \/\/ Entkalkungsanlagen<\/title>\n<meta name=\"robots\" content=\"index, follow, max-snippet:-1, max-image-preview:large, max-video-preview:-1\" \/>\n<link rel=\"canonical\" href=\"https:\/\/www.swisskalk.ch\/it\/ogni-fontana-e-utile\/\" \/>\n<meta property=\"og:locale\" content=\"it_IT\" \/>\n<meta property=\"og:type\" content=\"article\" \/>\n<meta property=\"og:title\" content=\"Ogni fontana \u00e8 utile - Swisskalk GmbH \/\/ Entkalkungsanlagen\" \/>\n<meta property=\"og:description\" content=\"Ogni fontana \u00e8 utile &#8211; ogni impianto Swisskalk conta! Blog \u2013 Swisskalk in Camerun 2014 Giorno 1 Cari clienti Swisskalk Noi della Swisskalk siamo un&#8217;azienda leader nel settore dell&#8217;acqua da quasi 15 anni ed ora abbiamo dato vita ad una nuova azione di donazione. Non tutti gli abitanti di questo pianeta hanno accesso quotidiano all&#8217;acqua [...]\" \/>\n<meta property=\"og:url\" content=\"https:\/\/www.swisskalk.ch\/it\/ogni-fontana-e-utile\/\" \/>\n<meta property=\"og:site_name\" content=\"Swisskalk GmbH \/\/ Entkalkungsanlagen\" \/>\n<meta property=\"article:modified_time\" content=\"2017-03-13T15:58:06+00:00\" \/>\n<meta name=\"twitter:card\" content=\"summary_large_image\" \/>\n<meta name=\"twitter:label1\" content=\"Tempo di lettura stimato\" \/>\n\t<meta name=\"twitter:data1\" content=\"3 minutes\" \/>\n<script type=\"application\/ld+json\" class=\"yoast-schema-graph\">{\"@context\":\"https:\/\/schema.org\",\"@graph\":[{\"@type\":\"WebPage\",\"@id\":\"https:\/\/www.swisskalk.ch\/it\/ogni-fontana-e-utile\/\",\"url\":\"https:\/\/www.swisskalk.ch\/it\/ogni-fontana-e-utile\/\",\"name\":\"Ogni fontana \u00e8 utile - Swisskalk GmbH \/\/ Entkalkungsanlagen\",\"isPartOf\":{\"@id\":\"https:\/\/www.swisskalk.ch\/it\/#website\"},\"datePublished\":\"2014-09-25T09:03:44+00:00\",\"dateModified\":\"2017-03-13T15:58:06+00:00\",\"breadcrumb\":{\"@id\":\"https:\/\/www.swisskalk.ch\/it\/ogni-fontana-e-utile\/#breadcrumb\"},\"inLanguage\":\"it-IT\",\"potentialAction\":[{\"@type\":\"ReadAction\",\"target\":[\"https:\/\/www.swisskalk.ch\/it\/ogni-fontana-e-utile\/\"]}]},{\"@type\":\"BreadcrumbList\",\"@id\":\"https:\/\/www.swisskalk.ch\/it\/ogni-fontana-e-utile\/#breadcrumb\",\"itemListElement\":[{\"@type\":\"ListItem\",\"position\":1,\"name\":\"Home\",\"item\":\"https:\/\/www.swisskalk.ch\/it\/home\/\"},{\"@type\":\"ListItem\",\"position\":2,\"name\":\"Ogni fontana \u00e8 utile\"}]},{\"@type\":\"WebSite\",\"@id\":\"https:\/\/www.swisskalk.ch\/it\/#website\",\"url\":\"https:\/\/www.swisskalk.ch\/it\/\",\"name\":\"Swisskalk GmbH \/\/ Entkalkungsanlagen\",\"description\":\"F\u00fchlen Sie den Unterschied - Entkalkungsanlage zum Vorzugspreis\",\"potentialAction\":[{\"@type\":\"SearchAction\",\"target\":{\"@type\":\"EntryPoint\",\"urlTemplate\":\"https:\/\/www.swisskalk.ch\/it\/?s={search_term_string}\"},\"query-input\":{\"@type\":\"PropertyValueSpecification\",\"valueRequired\":true,\"valueName\":\"search_term_string\"}}],\"inLanguage\":\"it-IT\"}]}<\/script>\n<!-- \/ Yoast SEO plugin. -->","yoast_head_json":{"title":"Ogni fontana \u00e8 utile - Swisskalk GmbH \/\/ Entkalkungsanlagen","robots":{"index":"index","follow":"follow","max-snippet":"max-snippet:-1","max-image-preview":"max-image-preview:large","max-video-preview":"max-video-preview:-1"},"canonical":"https:\/\/www.swisskalk.ch\/it\/ogni-fontana-e-utile\/","og_locale":"it_IT","og_type":"article","og_title":"Ogni fontana \u00e8 utile - Swisskalk GmbH \/\/ Entkalkungsanlagen","og_description":"Ogni fontana \u00e8 utile &#8211; ogni impianto Swisskalk conta! Blog \u2013 Swisskalk in Camerun 2014 Giorno 1 Cari clienti Swisskalk Noi della Swisskalk siamo un&#8217;azienda leader nel settore dell&#8217;acqua da quasi 15 anni ed ora abbiamo dato vita ad una nuova azione di donazione. Non tutti gli abitanti di questo pianeta hanno accesso quotidiano all&#8217;acqua [...]","og_url":"https:\/\/www.swisskalk.ch\/it\/ogni-fontana-e-utile\/","og_site_name":"Swisskalk GmbH \/\/ Entkalkungsanlagen","article_modified_time":"2017-03-13T15:58:06+00:00","twitter_card":"summary_large_image","twitter_misc":{"Tempo di lettura stimato":"3 minutes"},"schema":{"@context":"https:\/\/schema.org","@graph":[{"@type":"WebPage","@id":"https:\/\/www.swisskalk.ch\/it\/ogni-fontana-e-utile\/","url":"https:\/\/www.swisskalk.ch\/it\/ogni-fontana-e-utile\/","name":"Ogni fontana \u00e8 utile - Swisskalk GmbH \/\/ Entkalkungsanlagen","isPartOf":{"@id":"https:\/\/www.swisskalk.ch\/it\/#website"},"datePublished":"2014-09-25T09:03:44+00:00","dateModified":"2017-03-13T15:58:06+00:00","breadcrumb":{"@id":"https:\/\/www.swisskalk.ch\/it\/ogni-fontana-e-utile\/#breadcrumb"},"inLanguage":"it-IT","potentialAction":[{"@type":"ReadAction","target":["https:\/\/www.swisskalk.ch\/it\/ogni-fontana-e-utile\/"]}]},{"@type":"BreadcrumbList","@id":"https:\/\/www.swisskalk.ch\/it\/ogni-fontana-e-utile\/#breadcrumb","itemListElement":[{"@type":"ListItem","position":1,"name":"Home","item":"https:\/\/www.swisskalk.ch\/it\/home\/"},{"@type":"ListItem","position":2,"name":"Ogni fontana \u00e8 utile"}]},{"@type":"WebSite","@id":"https:\/\/www.swisskalk.ch\/it\/#website","url":"https:\/\/www.swisskalk.ch\/it\/","name":"Swisskalk GmbH \/\/ Entkalkungsanlagen","description":"F\u00fchlen Sie den Unterschied - Entkalkungsanlage zum Vorzugspreis","potentialAction":[{"@type":"SearchAction","target":{"@type":"EntryPoint","urlTemplate":"https:\/\/www.swisskalk.ch\/it\/?s={search_term_string}"},"query-input":{"@type":"PropertyValueSpecification","valueRequired":true,"valueName":"search_term_string"}}],"inLanguage":"it-IT"}]}},"_links":{"self":[{"href":"https:\/\/www.swisskalk.ch\/it\/wp-json\/wp\/v2\/pages\/501","targetHints":{"allow":["GET"]}}],"collection":[{"href":"https:\/\/www.swisskalk.ch\/it\/wp-json\/wp\/v2\/pages"}],"about":[{"href":"https:\/\/www.swisskalk.ch\/it\/wp-json\/wp\/v2\/types\/page"}],"author":[{"embeddable":true,"href":"https:\/\/www.swisskalk.ch\/it\/wp-json\/wp\/v2\/users\/1"}],"replies":[{"embeddable":true,"href":"https:\/\/www.swisskalk.ch\/it\/wp-json\/wp\/v2\/comments?post=501"}],"version-history":[{"count":0,"href":"https:\/\/www.swisskalk.ch\/it\/wp-json\/wp\/v2\/pages\/501\/revisions"}],"wp:attachment":[{"href":"https:\/\/www.swisskalk.ch\/it\/wp-json\/wp\/v2\/media?parent=501"}],"curies":[{"name":"wp","href":"https:\/\/api.w.org\/{rel}","templated":true}]}}