{"id":873,"date":"2014-10-27T17:06:02","date_gmt":"2014-10-27T15:06:02","guid":{"rendered":"http:\/\/swisskalk.kreativloft.ch\/boilerentkalkung-2\/"},"modified":"2017-03-29T11:22:34","modified_gmt":"2017-03-29T09:22:34","slug":"decalcificazione-delle-caldaie","status":"publish","type":"page","link":"https:\/\/www.swisskalk.ch\/it\/decalcificazione-delle-caldaie\/","title":{"rendered":"Decalcificazione delle caldaie"},"content":{"rendered":"<h1>Decalcificazione delle caldaie<\/h1>\n<p>Nello scaldabagno, che fornisce ogni giorno nuova acqua calda, \u00e8 necessaria una decalcificazione regolare. A seconda della durezza dell&#8217;acqua questa operazione \u00e8 necessaria ogni 3 &#8211; 5 anni.<br \/><strong>Decalcificazione meccanica 50-400 litri<\/strong><br \/><strong>CHF 335  excl. IVA<\/strong><br \/>Se disponete di un boiler pi\u00f9 grande o avete bisogno di una decalcificazione chimica, rivolgetevi al nostro reparto vendita. [ezcol_1half]<\/p>\n<div style=\"color:white;background-color: #014689;padding: 10px 10px 10px 20px;\"><strong><\/p>\n<h2 style=\"text-transform: uppercase;color:white;font-weight: bold;\">Compreso nel prezzo:<\/h2>\n<p>\t\u2022&nbsp;&nbsp;Viaggio di arrivo fino alla vostra<br \/>\n&nbsp;&nbsp;&nbsp;ubicazione in Svizzera + Liechtenstein<br \/>\n\t\u2022&nbsp;&nbsp;Lavoro di decalcificazione completo<br \/>\n\t\u2022&nbsp;&nbsp;Smaltimento calcare<br \/>\n\t\u2022&nbsp;&nbsp;Guarnizione di ricambio<br \/>\n\t\u2022&nbsp;&nbsp;Anodo sporco sostitutivo<br \/>\n&nbsp;&nbsp;&nbsp;(se necessario)<br \/>\n\u2022&nbsp;&nbsp;Controllo valvola di riduzione<br \/>\n&nbsp;&nbsp;&nbsp;della pressione<br \/>\n\u2022&nbsp;&nbsp;Controllo valvola di sicurezza<br \/>\n\u2022&nbsp;&nbsp;Regolazione termostato<br \/>\n\u2022&nbsp;&nbsp;Controllo generale del boiler<br \/>\n\u2022&nbsp;&nbsp;3 anni di garanzia su la<br \/>\n&nbsp;&nbsp;&nbsp;funzionalit\u00e0 della caldaia<br \/>\n<\/strong><\/div>\n<p>[\/ezcol_1half][ezcol_1half_end]<br \/>\n<div class=\"fusion-align-block\"><a class=\"fusion-button button-flat fusion-button-default-size button-default fusion-button-default button-1 fusion-button-default-span fusion-button-default-type\" style=\"width:calc(100%);\" target=\"_self\" title=\"Consulenza \/ Contatti\" aria-label=\"Consulenza \/ Contatti\" href=\"https:\/\/www.swisskalk.ch\/it\/consulenza-contatto\/\"><span class=\"fusion-button-text awb-button__text awb-button__text--default\">Consulenza \/ Contatti<\/span><\/a><\/div><br \/>&nbsp;<br \/>&nbsp;<br \/>\n<div class=\"fusion-align-block\"><a class=\"fusion-button button-flat fusion-button-default-size button-default fusion-button-default button-2 fusion-button-default-span fusion-button-default-type\" style=\"width:calc(100%);\" target=\"_self\" href=\"https:\/\/www.swisskalk.ch\/it\/shop\/servizio\/decalcificazione-delle-caldaie\/\"><span class=\"fusion-button-text awb-button__text awb-button__text--default\">Ordina Direttamente<\/span><\/a><\/div><br \/>\n[\/ezcol_1half_end]<\/p>\n","protected":false},"excerpt":{"rendered":"<p>Decalcificazione delle caldaie Nello scaldabagno, che fornisce ogni giorno nuova acqua calda, \u00e8 necessaria una decalcificazione regolare. A seconda della durezza dell&#8217;acqua questa operazione \u00e8 necessaria ogni 3 &#8211; 5 anni.Decalcificazione meccanica 50-400 litriCHF 335 excl. IVASe disponete di un boiler pi\u00f9 grande o avete bisogno di una decalcificazione chimica, rivolgetevi al nostro reparto vendita.  [&#8230;]<\/p>\n","protected":false},"author":1,"featured_media":0,"parent":0,"menu_order":32,"comment_status":"closed","ping_status":"closed","template":"","meta":{"_joinchat":[],"footnotes":""},"class_list":["post-873","page","type-page","status-publish","hentry"],"yoast_head":"<!-- This site is optimized with the Yoast SEO plugin v26.6 - https:\/\/yoast.com\/wordpress\/plugins\/seo\/ -->\n<title>Decalcificazione delle caldaie - Swisskalk GmbH \/\/ Entkalkungsanlagen<\/title>\n<meta name=\"robots\" content=\"index, follow, max-snippet:-1, max-image-preview:large, max-video-preview:-1\" \/>\n<link rel=\"canonical\" href=\"https:\/\/www.swisskalk.ch\/it\/decalcificazione-delle-caldaie\/\" \/>\n<meta property=\"og:locale\" content=\"it_IT\" \/>\n<meta property=\"og:type\" content=\"article\" \/>\n<meta property=\"og:title\" content=\"Decalcificazione delle caldaie - Swisskalk GmbH \/\/ Entkalkungsanlagen\" \/>\n<meta property=\"og:description\" content=\"Decalcificazione delle caldaie Nello scaldabagno, che fornisce ogni giorno nuova acqua calda, \u00e8 necessaria una decalcificazione regolare. A seconda della durezza dell&#8217;acqua questa operazione \u00e8 necessaria ogni 3 &#8211; 5 anni.Decalcificazione meccanica 50-400 litriCHF 335 excl. IVASe disponete di un boiler pi\u00f9 grande o avete bisogno di una decalcificazione chimica, rivolgetevi al nostro reparto vendita. [...]\" \/>\n<meta property=\"og:url\" content=\"https:\/\/www.swisskalk.ch\/it\/decalcificazione-delle-caldaie\/\" \/>\n<meta property=\"og:site_name\" content=\"Swisskalk GmbH \/\/ Entkalkungsanlagen\" \/>\n<meta property=\"article:modified_time\" content=\"2017-03-29T09:22:34+00:00\" \/>\n<meta name=\"twitter:card\" content=\"summary_large_image\" \/>\n<meta name=\"twitter:label1\" content=\"Tempo di lettura stimato\" \/>\n\t<meta name=\"twitter:data1\" content=\"2 minutes\" \/>\n<script type=\"application\/ld+json\" class=\"yoast-schema-graph\">{\"@context\":\"https:\/\/schema.org\",\"@graph\":[{\"@type\":\"WebPage\",\"@id\":\"https:\/\/www.swisskalk.ch\/it\/decalcificazione-delle-caldaie\/\",\"url\":\"https:\/\/www.swisskalk.ch\/it\/decalcificazione-delle-caldaie\/\",\"name\":\"Decalcificazione delle caldaie - Swisskalk GmbH \/\/ Entkalkungsanlagen\",\"isPartOf\":{\"@id\":\"https:\/\/www.swisskalk.ch\/it\/#website\"},\"datePublished\":\"2014-10-27T15:06:02+00:00\",\"dateModified\":\"2017-03-29T09:22:34+00:00\",\"breadcrumb\":{\"@id\":\"https:\/\/www.swisskalk.ch\/it\/decalcificazione-delle-caldaie\/#breadcrumb\"},\"inLanguage\":\"it-IT\",\"potentialAction\":[{\"@type\":\"ReadAction\",\"target\":[\"https:\/\/www.swisskalk.ch\/it\/decalcificazione-delle-caldaie\/\"]}]},{\"@type\":\"BreadcrumbList\",\"@id\":\"https:\/\/www.swisskalk.ch\/it\/decalcificazione-delle-caldaie\/#breadcrumb\",\"itemListElement\":[{\"@type\":\"ListItem\",\"position\":1,\"name\":\"Home\",\"item\":\"https:\/\/www.swisskalk.ch\/it\/home\/\"},{\"@type\":\"ListItem\",\"position\":2,\"name\":\"Decalcificazione delle caldaie\"}]},{\"@type\":\"WebSite\",\"@id\":\"https:\/\/www.swisskalk.ch\/it\/#website\",\"url\":\"https:\/\/www.swisskalk.ch\/it\/\",\"name\":\"Swisskalk GmbH \/\/ Entkalkungsanlagen\",\"description\":\"F\u00fchlen Sie den Unterschied - Entkalkungsanlage zum Vorzugspreis\",\"potentialAction\":[{\"@type\":\"SearchAction\",\"target\":{\"@type\":\"EntryPoint\",\"urlTemplate\":\"https:\/\/www.swisskalk.ch\/it\/?s={search_term_string}\"},\"query-input\":{\"@type\":\"PropertyValueSpecification\",\"valueRequired\":true,\"valueName\":\"search_term_string\"}}],\"inLanguage\":\"it-IT\"}]}<\/script>\n<!-- \/ Yoast SEO plugin. -->","yoast_head_json":{"title":"Decalcificazione delle caldaie - Swisskalk GmbH \/\/ Entkalkungsanlagen","robots":{"index":"index","follow":"follow","max-snippet":"max-snippet:-1","max-image-preview":"max-image-preview:large","max-video-preview":"max-video-preview:-1"},"canonical":"https:\/\/www.swisskalk.ch\/it\/decalcificazione-delle-caldaie\/","og_locale":"it_IT","og_type":"article","og_title":"Decalcificazione delle caldaie - Swisskalk GmbH \/\/ Entkalkungsanlagen","og_description":"Decalcificazione delle caldaie Nello scaldabagno, che fornisce ogni giorno nuova acqua calda, \u00e8 necessaria una decalcificazione regolare. A seconda della durezza dell&#8217;acqua questa operazione \u00e8 necessaria ogni 3 &#8211; 5 anni.Decalcificazione meccanica 50-400 litriCHF 335 excl. IVASe disponete di un boiler pi\u00f9 grande o avete bisogno di una decalcificazione chimica, rivolgetevi al nostro reparto vendita. [...]","og_url":"https:\/\/www.swisskalk.ch\/it\/decalcificazione-delle-caldaie\/","og_site_name":"Swisskalk GmbH \/\/ Entkalkungsanlagen","article_modified_time":"2017-03-29T09:22:34+00:00","twitter_card":"summary_large_image","twitter_misc":{"Tempo di lettura stimato":"2 minutes"},"schema":{"@context":"https:\/\/schema.org","@graph":[{"@type":"WebPage","@id":"https:\/\/www.swisskalk.ch\/it\/decalcificazione-delle-caldaie\/","url":"https:\/\/www.swisskalk.ch\/it\/decalcificazione-delle-caldaie\/","name":"Decalcificazione delle caldaie - Swisskalk GmbH \/\/ Entkalkungsanlagen","isPartOf":{"@id":"https:\/\/www.swisskalk.ch\/it\/#website"},"datePublished":"2014-10-27T15:06:02+00:00","dateModified":"2017-03-29T09:22:34+00:00","breadcrumb":{"@id":"https:\/\/www.swisskalk.ch\/it\/decalcificazione-delle-caldaie\/#breadcrumb"},"inLanguage":"it-IT","potentialAction":[{"@type":"ReadAction","target":["https:\/\/www.swisskalk.ch\/it\/decalcificazione-delle-caldaie\/"]}]},{"@type":"BreadcrumbList","@id":"https:\/\/www.swisskalk.ch\/it\/decalcificazione-delle-caldaie\/#breadcrumb","itemListElement":[{"@type":"ListItem","position":1,"name":"Home","item":"https:\/\/www.swisskalk.ch\/it\/home\/"},{"@type":"ListItem","position":2,"name":"Decalcificazione delle caldaie"}]},{"@type":"WebSite","@id":"https:\/\/www.swisskalk.ch\/it\/#website","url":"https:\/\/www.swisskalk.ch\/it\/","name":"Swisskalk GmbH \/\/ Entkalkungsanlagen","description":"F\u00fchlen Sie den Unterschied - Entkalkungsanlage zum Vorzugspreis","potentialAction":[{"@type":"SearchAction","target":{"@type":"EntryPoint","urlTemplate":"https:\/\/www.swisskalk.ch\/it\/?s={search_term_string}"},"query-input":{"@type":"PropertyValueSpecification","valueRequired":true,"valueName":"search_term_string"}}],"inLanguage":"it-IT"}]}},"_links":{"self":[{"href":"https:\/\/www.swisskalk.ch\/it\/wp-json\/wp\/v2\/pages\/873","targetHints":{"allow":["GET"]}}],"collection":[{"href":"https:\/\/www.swisskalk.ch\/it\/wp-json\/wp\/v2\/pages"}],"about":[{"href":"https:\/\/www.swisskalk.ch\/it\/wp-json\/wp\/v2\/types\/page"}],"author":[{"embeddable":true,"href":"https:\/\/www.swisskalk.ch\/it\/wp-json\/wp\/v2\/users\/1"}],"replies":[{"embeddable":true,"href":"https:\/\/www.swisskalk.ch\/it\/wp-json\/wp\/v2\/comments?post=873"}],"version-history":[{"count":0,"href":"https:\/\/www.swisskalk.ch\/it\/wp-json\/wp\/v2\/pages\/873\/revisions"}],"wp:attachment":[{"href":"https:\/\/www.swisskalk.ch\/it\/wp-json\/wp\/v2\/media?parent=873"}],"curies":[{"name":"wp","href":"https:\/\/api.w.org\/{rel}","templated":true}]}}